{"id":5828,"date":"2024-12-31T10:47:49","date_gmt":"2024-12-31T08:47:49","guid":{"rendered":"https:\/\/pullapirtti.fi\/?post_type=product&#038;p=5828"},"modified":"2025-02-26T10:44:42","modified_gmt":"2025-02-26T08:44:42","slug":"valkosuklaakiharakakku-12-hlo","status":"publish","type":"product","link":"https:\/\/pullapirtti.fi\/en\/product\/valkosuklaakiharakakku-12-hlo\/","title":{"rendered":"Valkosuklaakiharakakku 12 hl\u00f6"},"content":{"rendered":"<p><strong><em>Valkosuklaakiharakakun t\u00e4ytteen\u00e4 on vadelmahilloa. Kakku on kuorrutettu valkosuklaalastulla\u00a0sek\u00e4 koristeltu marsipaaniruusuilla ja suklaakukalla.<\/em><\/strong><\/p>\n<p>Vesi, sokeri, vadelma, kokonaan kovettu kasvi\u00f6ljy ja -rasva (palmuydin, auringonkukka, palmu), VEHN\u00c4jauho, KANANMUNA, kaakaovoi, T\u00c4YSMAITOjauhe, maissit\u00e4rkkelys, stabilointiaine (E420ii, E463), MAITOproteiini, MANTELI, glukoosi, sorbitoli, inverttisokerisiirappi, kaakaomassa, sakeuttamisaine (E440, E410, E509), emulgointiaine (E471, E475, E472e, E322 auringonkukkalesitiini), nostatusaine (E450, E500), suola, aromi (mm. luontainen vanilja, vadelma), v\u00e4ri (E160a, E120, E101), dekstroosi.<\/p>","protected":false},"excerpt":{"rendered":"<p>Valkosuklaakiharakakun t\u00e4ytteen\u00e4 on vadelmahilloa. Kakku on kuorrutettu valkosuklaalastulla\u00a0sek\u00e4 koristeltu marsipaaniruusuilla ja suklaakukalla. Vesi, sokeri, vadelma, kokonaan kovettu kasvi\u00f6ljy ja -rasva (palmuydin, auringonkukka, palmu), VEHN\u00c4jauho, KANANMUNA, kaakaovoi, T\u00c4YSMAITOjauhe, maissit\u00e4rkkelys, stabilointiaine (E420ii, E463), MAITOproteiini, MANTELI, glukoosi, sorbitoli, inverttisokerisiirappi, kaakaomassa, sakeuttamisaine (E440, E410, E509), emulgointiaine (E471, E475, E472e, E322 auringonkukkalesitiini), nostatusaine (E450, E500), suola, aromi (mm. luontainen vanilja, [&hellip;]<\/p>\n","protected":false},"featured_media":4769,"comment_status":"open","ping_status":"closed","template":"","meta":{"_improvement_type_select":"improve_an_existing","_thumb_yes_seoaic":false,"_frame_yes_seoaic":false,"seoaic_generate_description":"","seoaic_improve_instructions_prompt":"","seoaic_rollback_content_improvement":"","seoaic_idea_thumbnail_generator":"","thumbnail_generated":false,"thumbnail_generate_prompt":"","seoaic_article_description":"","iawp_total_views":147},"product_brand":[],"product_cat":[93],"product_tag":[],"ravinterittely":[133],"class_list":{"0":"post-5828","1":"product","2":"type-product","3":"status-publish","4":"has-post-thumbnail","6":"product_cat-makeat","7":"ravinterittely-vahalaktoosinen","9":"first","10":"instock","11":"taxable","12":"shipping-taxable","13":"purchasable","14":"product-type-simple"},"_links":{"self":[{"href":"https:\/\/pullapirtti.fi\/en\/wp-json\/wp\/v2\/product\/5828","targetHints":{"allow":["GET"]}}],"collection":[{"href":"https:\/\/pullapirtti.fi\/en\/wp-json\/wp\/v2\/product"}],"about":[{"href":"https:\/\/pullapirtti.fi\/en\/wp-json\/wp\/v2\/types\/product"}],"replies":[{"embeddable":true,"href":"https:\/\/pullapirtti.fi\/en\/wp-json\/wp\/v2\/comments?post=5828"}],"wp:featuredmedia":[{"embeddable":true,"href":"https:\/\/pullapirtti.fi\/en\/wp-json\/wp\/v2\/media\/4769"}],"wp:attachment":[{"href":"https:\/\/pullapirtti.fi\/en\/wp-json\/wp\/v2\/media?parent=5828"}],"wp:term":[{"taxonomy":"product_brand","embeddable":true,"href":"https:\/\/pullapirtti.fi\/en\/wp-json\/wp\/v2\/product_brand?post=5828"},{"taxonomy":"product_cat","embeddable":true,"href":"https:\/\/pullapirtti.fi\/en\/wp-json\/wp\/v2\/product_cat?post=5828"},{"taxonomy":"product_tag","embeddable":true,"href":"https:\/\/pullapirtti.fi\/en\/wp-json\/wp\/v2\/product_tag?post=5828"},{"taxonomy":"ravinterittely","embeddable":true,"href":"https:\/\/pullapirtti.fi\/en\/wp-json\/wp\/v2\/ravinterittely?post=5828"}],"curies":[{"name":"wp","href":"https:\/\/api.w.org\/{rel}","templated":true}]}}