{"id":5826,"date":"2024-12-31T10:28:35","date_gmt":"2024-12-31T08:28:35","guid":{"rendered":"https:\/\/pullapirtti.fi\/?post_type=product&#038;p=5826"},"modified":"2025-02-26T10:48:34","modified_gmt":"2025-02-26T08:48:34","slug":"mansikkakermakakku","status":"publish","type":"product","link":"https:\/\/pullapirtti.fi\/en\/product\/mansikkakermakakku\/","title":{"rendered":"Mansikkakermakakku 12 hl\u00f6"},"content":{"rendered":"<p>Mansikka, vesi, kananmuna, sokeri, KERMA, VEHN\u00c4jauho, kokonaan kovetettu kasvi\u00f6ljy ja -rasva (palmuydin, auringonkukka), maissit\u00e4rkkelys, glukoosisiirappi, hyytel\u00f6imisaine (E440), sakeuttamisaine (E1442, E440, E1422), stabilointiaine (E420ii, E463), happamuudens\u00e4\u00e4t\u00f6aine (E270, E330, E331), emulgointiaine (E471, E475, E472e, E322 auringonkukkalesitiini), MAITOproteiini, s\u00e4il\u00f6nt\u00e4aine (E202), dekstroosi, nostatusaine (E450, E500), aromit (mm. mansikka), suola, v\u00e4ri (E120, E160a).<\/p>","protected":false},"excerpt":{"rendered":"<p>Mansikka, vesi, kananmuna, sokeri, KERMA, VEHN\u00c4jauho, kokonaan kovetettu kasvi\u00f6ljy ja -rasva (palmuydin, auringonkukka), maissit\u00e4rkkelys, glukoosisiirappi, hyytel\u00f6imisaine (E440), sakeuttamisaine (E1442, E440, E1422), stabilointiaine (E420ii, E463), happamuudens\u00e4\u00e4t\u00f6aine (E270, E330, E331), emulgointiaine (E471, E475, E472e, E322 auringonkukkalesitiini), MAITOproteiini, s\u00e4il\u00f6nt\u00e4aine (E202), dekstroosi, nostatusaine (E450, E500), aromit (mm. mansikka), suola, v\u00e4ri (E120, E160a).<\/p>","protected":false},"featured_media":4654,"comment_status":"open","ping_status":"closed","template":"","meta":{"_improvement_type_select":"improve_an_existing","_thumb_yes_seoaic":false,"_frame_yes_seoaic":false,"seoaic_generate_description":"","seoaic_improve_instructions_prompt":"","seoaic_rollback_content_improvement":"","seoaic_idea_thumbnail_generator":"","thumbnail_generated":false,"thumbnail_generate_prompt":"","seoaic_article_description":"","iawp_total_views":359},"product_brand":[],"product_cat":[93],"product_tag":[145,144,138],"ravinterittely":[121],"class_list":{"0":"post-5826","1":"product","2":"type-product","3":"status-publish","4":"has-post-thumbnail","6":"product_cat-makeat","7":"product_tag-mansikka","8":"product_tag-mansikkakermakakku","9":"product_tag-taytekakku","10":"ravinterittely-laktoositon","12":"first","13":"instock","14":"taxable","15":"shipping-taxable","16":"purchasable","17":"product-type-simple"},"_links":{"self":[{"href":"https:\/\/pullapirtti.fi\/en\/wp-json\/wp\/v2\/product\/5826","targetHints":{"allow":["GET"]}}],"collection":[{"href":"https:\/\/pullapirtti.fi\/en\/wp-json\/wp\/v2\/product"}],"about":[{"href":"https:\/\/pullapirtti.fi\/en\/wp-json\/wp\/v2\/types\/product"}],"replies":[{"embeddable":true,"href":"https:\/\/pullapirtti.fi\/en\/wp-json\/wp\/v2\/comments?post=5826"}],"wp:featuredmedia":[{"embeddable":true,"href":"https:\/\/pullapirtti.fi\/en\/wp-json\/wp\/v2\/media\/4654"}],"wp:attachment":[{"href":"https:\/\/pullapirtti.fi\/en\/wp-json\/wp\/v2\/media?parent=5826"}],"wp:term":[{"taxonomy":"product_brand","embeddable":true,"href":"https:\/\/pullapirtti.fi\/en\/wp-json\/wp\/v2\/product_brand?post=5826"},{"taxonomy":"product_cat","embeddable":true,"href":"https:\/\/pullapirtti.fi\/en\/wp-json\/wp\/v2\/product_cat?post=5826"},{"taxonomy":"product_tag","embeddable":true,"href":"https:\/\/pullapirtti.fi\/en\/wp-json\/wp\/v2\/product_tag?post=5826"},{"taxonomy":"ravinterittely","embeddable":true,"href":"https:\/\/pullapirtti.fi\/en\/wp-json\/wp\/v2\/ravinterittely?post=5826"}],"curies":[{"name":"wp","href":"https:\/\/api.w.org\/{rel}","templated":true}]}}