{"id":4269,"date":"2024-12-04T14:07:28","date_gmt":"2024-12-04T12:07:28","guid":{"rendered":"https:\/\/pullapirtti.fi\/?post_type=product&#038;p=4269"},"modified":"2025-02-26T10:50:30","modified_gmt":"2025-02-26T08:50:30","slug":"__trashed","status":"publish","type":"product","link":"https:\/\/pullapirtti.fi\/en\/product\/__trashed\/","title":{"rendered":"Valuva suklaakakku 12 hl\u00f6"},"content":{"rendered":"<p><strong><em>N\u00e4ytt\u00e4v\u00e4 kakku kauniilla valuvilla suklaareunuksilla.<\/em> <em>T\u00e4ytteen\u00e4 mansikkahilloa.<\/em><\/strong> Sokeri, vesi, KANANMUNA, VEHN\u00c4jauho, mansikka, v\u00e4h\u00e4rasvainen kaakaojauhe, kokonaan kovetettu kasvirasva ja -\u00f6ljy (palmu, kookos, rapsi, palmuydin, auringonkukka), MAITOproteiini, maissit\u00e4rkkelys, MANTELI, glukoosi, sakeuttamisaine (E1442, E440), s\u00e4il\u00f6nt\u00e4aine (E202), v\u00e4ri (E120, E160a, E172), nostatusaine (E450, E500), emulgointiaine (E472e, E322 auringonkukka- ja SOIJAlesitiini, E471, E475), stabilointiaine (E420ii, E463), sorbitoli, dekstroosi, inverttisokerisiirappi, kaakaomassa, kaakaovoi, rasvaton MAITOjauhe, vedet\u00f6n MAITOrasva, riisijauho, gelatiini, pintak\u00e4sittelyaine (E903), suola, aromit (mm. luontainen vanilja, mansikka).<\/p>\n<p>&nbsp;<\/p>","protected":false},"excerpt":{"rendered":"<p>12 hengen t\u00e4ytekakku mansikkahillolla ja valuvalla suklaakuorrutteella<\/p>","protected":false},"featured_media":4854,"comment_status":"open","ping_status":"closed","template":"","meta":{"_improvement_type_select":"improve_an_existing","_thumb_yes_seoaic":false,"_frame_yes_seoaic":false,"seoaic_generate_description":"","seoaic_improve_instructions_prompt":"","seoaic_rollback_content_improvement":"","seoaic_idea_thumbnail_generator":"","thumbnail_generated":false,"thumbnail_generate_prompt":"","seoaic_article_description":"","iawp_total_views":175},"product_brand":[],"product_cat":[93],"product_tag":[138],"ravinterittely":[121],"class_list":{"0":"post-4269","1":"product","2":"type-product","3":"status-publish","4":"has-post-thumbnail","6":"product_cat-makeat","7":"product_tag-taytekakku","8":"ravinterittely-laktoositon","10":"first","11":"instock","12":"taxable","13":"shipping-taxable","14":"purchasable","15":"product-type-simple"},"_links":{"self":[{"href":"https:\/\/pullapirtti.fi\/en\/wp-json\/wp\/v2\/product\/4269","targetHints":{"allow":["GET"]}}],"collection":[{"href":"https:\/\/pullapirtti.fi\/en\/wp-json\/wp\/v2\/product"}],"about":[{"href":"https:\/\/pullapirtti.fi\/en\/wp-json\/wp\/v2\/types\/product"}],"replies":[{"embeddable":true,"href":"https:\/\/pullapirtti.fi\/en\/wp-json\/wp\/v2\/comments?post=4269"}],"wp:featuredmedia":[{"embeddable":true,"href":"https:\/\/pullapirtti.fi\/en\/wp-json\/wp\/v2\/media\/4854"}],"wp:attachment":[{"href":"https:\/\/pullapirtti.fi\/en\/wp-json\/wp\/v2\/media?parent=4269"}],"wp:term":[{"taxonomy":"product_brand","embeddable":true,"href":"https:\/\/pullapirtti.fi\/en\/wp-json\/wp\/v2\/product_brand?post=4269"},{"taxonomy":"product_cat","embeddable":true,"href":"https:\/\/pullapirtti.fi\/en\/wp-json\/wp\/v2\/product_cat?post=4269"},{"taxonomy":"product_tag","embeddable":true,"href":"https:\/\/pullapirtti.fi\/en\/wp-json\/wp\/v2\/product_tag?post=4269"},{"taxonomy":"ravinterittely","embeddable":true,"href":"https:\/\/pullapirtti.fi\/en\/wp-json\/wp\/v2\/ravinterittely?post=4269"}],"curies":[{"name":"wp","href":"https:\/\/api.w.org\/{rel}","templated":true}]}}