{"id":4268,"date":"2024-11-15T12:17:21","date_gmt":"2024-11-15T10:17:21","guid":{"rendered":"https:\/\/pullapirtti.fi\/?post_type=product&#038;p=4268"},"modified":"2024-12-31T10:33:19","modified_gmt":"2024-12-31T08:33:19","slug":"kinuskihyydykekakku","status":"publish","type":"product","link":"https:\/\/pullapirtti.fi\/en\/product\/kinuskihyydykekakku\/","title":{"rendered":"Kinuskihyydykekakku 12 hl\u00f6"},"content":{"rendered":"<p><strong>Vehn\u00e4<\/strong>jauho, sokeri,\u00a0<strong>kananmuna<\/strong>, laktoositon\u00a0<strong>voi<\/strong>, kasvi\u00f6ljy ja -rasva (palmu, kookos, rypsi), luontainen sitrusaromi, nostatusaine E450, E500, suola, sitruunahappo, v\u00e4ri E160a, aromi.<\/p>","protected":false},"excerpt":{"rendered":"<p>Kauniin kinuskihyydykekakun p\u00e4\u00e4ll\u00e4 on Mariannemarenkia, marsipaaniruusu ja suklaakoriste.<br \/>\nSaatavilla my\u00f6s ilman marenkia.<\/p>\n<p>Kakku on laktoositon.<\/p>\n<p>Kotisivujemme tuotteet -osiosta l\u00f6yd\u00e4t kakkuvalikoimamme sek\u00e4 tarkemmat tuotetiedot.<\/p>\n<p>Halutessasi voit tehd\u00e4\u00a0tilauksen my\u00f6s s\u00e4hk\u00f6postitse tai soittaa asiakaspalveluumme.<\/p>","protected":false},"featured_media":4856,"comment_status":"open","ping_status":"closed","template":"","meta":{"_improvement_type_select":"improve_an_existing","_thumb_yes_seoaic":false,"_frame_yes_seoaic":false,"seoaic_generate_description":"","seoaic_improve_instructions_prompt":"","seoaic_rollback_content_improvement":"","seoaic_idea_thumbnail_generator":"","thumbnail_generated":false,"thumbnail_generate_prompt":"","seoaic_article_description":"","iawp_total_views":179},"product_brand":[],"product_cat":[93],"product_tag":[47],"ravinterittely":[],"class_list":{"0":"post-4268","1":"product","2":"type-product","3":"status-publish","4":"has-post-thumbnail","6":"product_cat-makeat","7":"product_tag-kotimainen","9":"first","10":"instock","11":"taxable","12":"shipping-taxable","13":"purchasable","14":"product-type-simple"},"_links":{"self":[{"href":"https:\/\/pullapirtti.fi\/en\/wp-json\/wp\/v2\/product\/4268","targetHints":{"allow":["GET"]}}],"collection":[{"href":"https:\/\/pullapirtti.fi\/en\/wp-json\/wp\/v2\/product"}],"about":[{"href":"https:\/\/pullapirtti.fi\/en\/wp-json\/wp\/v2\/types\/product"}],"replies":[{"embeddable":true,"href":"https:\/\/pullapirtti.fi\/en\/wp-json\/wp\/v2\/comments?post=4268"}],"wp:featuredmedia":[{"embeddable":true,"href":"https:\/\/pullapirtti.fi\/en\/wp-json\/wp\/v2\/media\/4856"}],"wp:attachment":[{"href":"https:\/\/pullapirtti.fi\/en\/wp-json\/wp\/v2\/media?parent=4268"}],"wp:term":[{"taxonomy":"product_brand","embeddable":true,"href":"https:\/\/pullapirtti.fi\/en\/wp-json\/wp\/v2\/product_brand?post=4268"},{"taxonomy":"product_cat","embeddable":true,"href":"https:\/\/pullapirtti.fi\/en\/wp-json\/wp\/v2\/product_cat?post=4268"},{"taxonomy":"product_tag","embeddable":true,"href":"https:\/\/pullapirtti.fi\/en\/wp-json\/wp\/v2\/product_tag?post=4268"},{"taxonomy":"ravinterittely","embeddable":true,"href":"https:\/\/pullapirtti.fi\/en\/wp-json\/wp\/v2\/ravinterittely?post=4268"}],"curies":[{"name":"wp","href":"https:\/\/api.w.org\/{rel}","templated":true}]}}