{"id":4264,"date":"2024-11-15T12:13:07","date_gmt":"2024-11-15T10:13:07","guid":{"rendered":"https:\/\/pullapirtti.fi\/?post_type=product&#038;p=4264"},"modified":"2025-02-26T11:47:49","modified_gmt":"2025-02-26T09:47:49","slug":"mustikkapiirakka","status":"publish","type":"product","link":"https:\/\/pullapirtti.fi\/en\/product\/mustikkapiirakka\/","title":{"rendered":"Mustikkapiirakka"},"content":{"rendered":"<p>VEHN\u00c4jauho, vesi, mustikkat\u00e4yte [35% (josta mustikkaa 25%), sakeuttamisaine (E440, E418, E1442 maissi), s\u00e4il\u00f6nt\u00e4aine (E202), aromi], sokeri, vapaan kanan KANANMUNA,kasvi\u00f6ljy (rypsi, rapsi, palmu ja kookos), kokonaan kovetettu kasvi\u00f6ljy (rypsi ja rapsi), hiiva, suola, VEHN\u00c4gluteeni, v\u00e4ri (E160a), emulgointiaine (E472e), kasviproteiini (herne), nostatusaine (E450, E500), jauhonparanne (E300). Saattaa sis\u00e4lt\u00e4\u00e4 pieni\u00e4 m\u00e4\u00e4ri\u00e4 maidon j\u00e4\u00e4mi\u00e4.<\/p>\n","protected":false},"excerpt":{"rendered":"<p>Herkullinen k\u00e4sity\u00f6n\u00e4 tehty pieni mustikkapiirakka reilulla mustikkat\u00e4ytteell\u00e4!<\/p>\n<p>Laktoositon<\/p>","protected":false},"featured_media":4243,"comment_status":"open","ping_status":"closed","template":"","meta":{"_improvement_type_select":"improve_an_existing","_thumb_yes_seoaic":false,"_frame_yes_seoaic":false,"seoaic_generate_description":"","seoaic_improve_instructions_prompt":"","seoaic_rollback_content_improvement":"","seoaic_idea_thumbnail_generator":"","thumbnail_generated":false,"thumbnail_generate_prompt":"","seoaic_article_description":"","iawp_total_views":81},"product_brand":[],"product_cat":[93],"product_tag":[],"ravinterittely":[],"class_list":{"0":"post-4264","1":"product","2":"type-product","3":"status-publish","4":"has-post-thumbnail","6":"product_cat-makeat","8":"first","9":"instock","10":"taxable","11":"shipping-taxable","12":"purchasable","13":"product-type-simple"},"_links":{"self":[{"href":"https:\/\/pullapirtti.fi\/en\/wp-json\/wp\/v2\/product\/4264","targetHints":{"allow":["GET"]}}],"collection":[{"href":"https:\/\/pullapirtti.fi\/en\/wp-json\/wp\/v2\/product"}],"about":[{"href":"https:\/\/pullapirtti.fi\/en\/wp-json\/wp\/v2\/types\/product"}],"replies":[{"embeddable":true,"href":"https:\/\/pullapirtti.fi\/en\/wp-json\/wp\/v2\/comments?post=4264"}],"wp:featuredmedia":[{"embeddable":true,"href":"https:\/\/pullapirtti.fi\/en\/wp-json\/wp\/v2\/media\/4243"}],"wp:attachment":[{"href":"https:\/\/pullapirtti.fi\/en\/wp-json\/wp\/v2\/media?parent=4264"}],"wp:term":[{"taxonomy":"product_brand","embeddable":true,"href":"https:\/\/pullapirtti.fi\/en\/wp-json\/wp\/v2\/product_brand?post=4264"},{"taxonomy":"product_cat","embeddable":true,"href":"https:\/\/pullapirtti.fi\/en\/wp-json\/wp\/v2\/product_cat?post=4264"},{"taxonomy":"product_tag","embeddable":true,"href":"https:\/\/pullapirtti.fi\/en\/wp-json\/wp\/v2\/product_tag?post=4264"},{"taxonomy":"ravinterittely","embeddable":true,"href":"https:\/\/pullapirtti.fi\/en\/wp-json\/wp\/v2\/ravinterittely?post=4264"}],"curies":[{"name":"wp","href":"https:\/\/api.w.org\/{rel}","templated":true}]}}