{"id":4262,"date":"2024-11-15T12:10:58","date_gmt":"2024-11-15T10:10:58","guid":{"rendered":"https:\/\/pullapirtti.fi\/?post_type=product&#038;p=4262"},"modified":"2025-01-07T14:06:30","modified_gmt":"2025-01-07T12:06:30","slug":"kauraleipa-kanalla","status":"publish","type":"product","link":"https:\/\/pullapirtti.fi\/en\/product\/kauraleipa-kanalla\/","title":{"rendered":"Kauraleip\u00e4 kanalla"},"content":{"rendered":"<p>Leiv\u00e4n v\u00e4list\u00e4 l\u00f6ytyy\u00a0salaattia, kurkkua, tomaattia, aurinkokuivattutomaattia, chili-paprikatuorejuustoa (KERMA, MAITOJAUHE, laktoositon) ja Kasvishovin taco-maustettua broileria.<\/p>","protected":false},"excerpt":{"rendered":"<p>Hyv\u00e4 ja maukas v\u00e4lipala Kaura100 leiv\u00e4st\u00e4. Leivonnassa k\u00e4ytetty 100% pelkk\u00e4\u00e4 terveellist\u00e4 kauraa! Lis\u00e4n\u00e4 reippaasti t\u00e4ytett\u00e4. Sopii hyvin niin aamupalalle, kokouksiin kuin iltap\u00e4iv\u00e4n kahvihetkiin.<\/p>\n<p>Leiv\u00e4n v\u00e4list\u00e4 l\u00f6ytyy\u00a0salaattia, kurkkua, tomaattia, aurinkokuivattutomaattia, chili-paprikatuorejuustoa (KERMA, MAITOJAUHE, laktoositon) ja Kasvishovin taco-maustettua broileria.<\/p>\n<p>Laktoositon<\/p>","protected":false},"featured_media":5769,"comment_status":"open","ping_status":"closed","template":"","meta":{"_improvement_type_select":"improve_an_existing","_thumb_yes_seoaic":false,"_frame_yes_seoaic":false,"seoaic_generate_description":"","seoaic_improve_instructions_prompt":"","seoaic_rollback_content_improvement":"","seoaic_idea_thumbnail_generator":"","thumbnail_generated":false,"thumbnail_generate_prompt":"","seoaic_article_description":"","iawp_total_views":39},"product_brand":[],"product_cat":[139],"product_tag":[],"ravinterittely":[],"class_list":{"0":"post-4262","1":"product","2":"type-product","3":"status-publish","4":"has-post-thumbnail","6":"product_cat-suolaiset","8":"first","9":"instock","10":"taxable","11":"shipping-taxable","12":"purchasable","13":"product-type-simple"},"_links":{"self":[{"href":"https:\/\/pullapirtti.fi\/en\/wp-json\/wp\/v2\/product\/4262","targetHints":{"allow":["GET"]}}],"collection":[{"href":"https:\/\/pullapirtti.fi\/en\/wp-json\/wp\/v2\/product"}],"about":[{"href":"https:\/\/pullapirtti.fi\/en\/wp-json\/wp\/v2\/types\/product"}],"replies":[{"embeddable":true,"href":"https:\/\/pullapirtti.fi\/en\/wp-json\/wp\/v2\/comments?post=4262"}],"wp:featuredmedia":[{"embeddable":true,"href":"https:\/\/pullapirtti.fi\/en\/wp-json\/wp\/v2\/media\/5769"}],"wp:attachment":[{"href":"https:\/\/pullapirtti.fi\/en\/wp-json\/wp\/v2\/media?parent=4262"}],"wp:term":[{"taxonomy":"product_brand","embeddable":true,"href":"https:\/\/pullapirtti.fi\/en\/wp-json\/wp\/v2\/product_brand?post=4262"},{"taxonomy":"product_cat","embeddable":true,"href":"https:\/\/pullapirtti.fi\/en\/wp-json\/wp\/v2\/product_cat?post=4262"},{"taxonomy":"product_tag","embeddable":true,"href":"https:\/\/pullapirtti.fi\/en\/wp-json\/wp\/v2\/product_tag?post=4262"},{"taxonomy":"ravinterittely","embeddable":true,"href":"https:\/\/pullapirtti.fi\/en\/wp-json\/wp\/v2\/ravinterittely?post=4262"}],"curies":[{"name":"wp","href":"https:\/\/api.w.org\/{rel}","templated":true}]}}