{"id":4261,"date":"2024-11-15T12:09:32","date_gmt":"2024-11-15T10:09:32","guid":{"rendered":"https:\/\/pullapirtti.fi\/?post_type=product&#038;p=4261"},"modified":"2025-01-07T14:06:35","modified_gmt":"2025-01-07T12:06:35","slug":"ruisleipa-lamminsavulohella","status":"publish","type":"product","link":"https:\/\/pullapirtti.fi\/en\/product\/ruisleipa-lamminsavulohella\/","title":{"rendered":"Ruisleip\u00e4 l\u00e4mminsavulohella"},"content":{"rendered":"<p>Valkosipulipikkelsi (KANAMUNAN KELTUAINEN, SINPINSIEMEN, laktoositon, gluteeniton)<\/p>","protected":false},"excerpt":{"rendered":"<p>Herkullinen lohiruisleip\u00e4 johon valittavana joko makeampi Luotolaispala tai Ruispala. Leiv\u00e4n v\u00e4liss\u00e4\u00a0Kalaonnen herkullista l\u00e4mminsavulohta sek\u00e4 valkosipulipikkelssi\u00e4, salaattia, kurkkua ja tomaattia.<\/p>\n<p>Valkosipulipikkelsi (KANAMUNAN KELTUAINEN, SINPINSIEMEN, laktoositon, gluteeniton)<\/p>\n<p>Ilmoitathan tilauksen yhteydess\u00e4, mit\u00e4 leip\u00e4\u00e4 haluat tilauksessasi k\u00e4ytt\u00e4\u00e4. Mik\u00e4li leip\u00e4\u00e4 ei erikseen kommentoida, k\u00e4yt\u00e4mme p\u00e4iv\u00e4n valikoiman mukaista tuotetta.<\/p>\n<p>&nbsp;<\/p>","protected":false},"featured_media":4248,"comment_status":"open","ping_status":"closed","template":"","meta":{"_improvement_type_select":"improve_an_existing","_thumb_yes_seoaic":false,"_frame_yes_seoaic":false,"seoaic_generate_description":"","seoaic_improve_instructions_prompt":"","seoaic_rollback_content_improvement":"","seoaic_idea_thumbnail_generator":"","thumbnail_generated":false,"thumbnail_generate_prompt":"","seoaic_article_description":"","iawp_total_views":42},"product_brand":[],"product_cat":[139],"product_tag":[],"ravinterittely":[],"class_list":{"0":"post-4261","1":"product","2":"type-product","3":"status-publish","4":"has-post-thumbnail","6":"product_cat-suolaiset","8":"first","9":"instock","10":"taxable","11":"shipping-taxable","12":"purchasable","13":"product-type-simple"},"_links":{"self":[{"href":"https:\/\/pullapirtti.fi\/en\/wp-json\/wp\/v2\/product\/4261","targetHints":{"allow":["GET"]}}],"collection":[{"href":"https:\/\/pullapirtti.fi\/en\/wp-json\/wp\/v2\/product"}],"about":[{"href":"https:\/\/pullapirtti.fi\/en\/wp-json\/wp\/v2\/types\/product"}],"replies":[{"embeddable":true,"href":"https:\/\/pullapirtti.fi\/en\/wp-json\/wp\/v2\/comments?post=4261"}],"wp:featuredmedia":[{"embeddable":true,"href":"https:\/\/pullapirtti.fi\/en\/wp-json\/wp\/v2\/media\/4248"}],"wp:attachment":[{"href":"https:\/\/pullapirtti.fi\/en\/wp-json\/wp\/v2\/media?parent=4261"}],"wp:term":[{"taxonomy":"product_brand","embeddable":true,"href":"https:\/\/pullapirtti.fi\/en\/wp-json\/wp\/v2\/product_brand?post=4261"},{"taxonomy":"product_cat","embeddable":true,"href":"https:\/\/pullapirtti.fi\/en\/wp-json\/wp\/v2\/product_cat?post=4261"},{"taxonomy":"product_tag","embeddable":true,"href":"https:\/\/pullapirtti.fi\/en\/wp-json\/wp\/v2\/product_tag?post=4261"},{"taxonomy":"ravinterittely","embeddable":true,"href":"https:\/\/pullapirtti.fi\/en\/wp-json\/wp\/v2\/ravinterittely?post=4261"}],"curies":[{"name":"wp","href":"https:\/\/api.w.org\/{rel}","templated":true}]}}