{"id":4259,"date":"2024-11-15T12:06:31","date_gmt":"2024-11-15T10:06:31","guid":{"rendered":"https:\/\/pullapirtti.fi\/?post_type=product&#038;p=4259"},"modified":"2025-01-07T14:06:45","modified_gmt":"2025-01-07T12:06:45","slug":"rieska-wrap","status":"publish","type":"product","link":"https:\/\/pullapirtti.fi\/en\/product\/rieska-wrap\/","title":{"rendered":"Rieska-wrap"},"content":{"rendered":"<h5>Rieska-wrap kana:<\/h5>\n<p>salaatti, kurkku, tomaatti,\u00a0chili-paprikatuorejuusto (KERMA, MAITOJAUHE, laktoositon),\u00a0Kasvishovin taco-maustettu broileri<\/p>\n<h5>Rieska-wrap pastram:<\/h5>\n<p>salaatti, kurkku, tomaatti, Kasvishovin valkosipulipikkelssi (KANANMUNAN KELTUAINEN, SINAPINSIEMEN, laktoositon, gluteeniton) Viskaalin naudan pastram (paprika, chili)<\/p>\n<p>&nbsp;<\/p>","protected":false},"excerpt":{"rendered":"<p>Pohjois-Suomen perinteiseen leip\u00e4\u00e4n eli rieskaan tehty wrappi paikallisen Viskaalin maatilan todella kehutulla pastramilla tai vaihtoehtoisesti Korpelan tandoorimaustetulla broilerilla.<\/p>\n<p><strong>Kerro ostoskorin lis\u00e4tiedoissa kummalla t\u00e4ytteell\u00e4 haluat wrapin.<\/strong><\/p>\n<p>Wrapit ovat laktoosittomia.<\/p>","protected":false},"featured_media":4245,"comment_status":"open","ping_status":"closed","template":"","meta":{"_improvement_type_select":"improve_an_existing","_thumb_yes_seoaic":false,"_frame_yes_seoaic":false,"seoaic_generate_description":"","seoaic_improve_instructions_prompt":"","seoaic_rollback_content_improvement":"","seoaic_idea_thumbnail_generator":"","thumbnail_generated":false,"thumbnail_generate_prompt":"","seoaic_article_description":"","iawp_total_views":205},"product_brand":[],"product_cat":[139],"product_tag":[],"ravinterittely":[],"class_list":{"0":"post-4259","1":"product","2":"type-product","3":"status-publish","4":"has-post-thumbnail","6":"product_cat-suolaiset","8":"first","9":"instock","10":"taxable","11":"shipping-taxable","12":"purchasable","13":"product-type-simple"},"_links":{"self":[{"href":"https:\/\/pullapirtti.fi\/en\/wp-json\/wp\/v2\/product\/4259","targetHints":{"allow":["GET"]}}],"collection":[{"href":"https:\/\/pullapirtti.fi\/en\/wp-json\/wp\/v2\/product"}],"about":[{"href":"https:\/\/pullapirtti.fi\/en\/wp-json\/wp\/v2\/types\/product"}],"replies":[{"embeddable":true,"href":"https:\/\/pullapirtti.fi\/en\/wp-json\/wp\/v2\/comments?post=4259"}],"wp:featuredmedia":[{"embeddable":true,"href":"https:\/\/pullapirtti.fi\/en\/wp-json\/wp\/v2\/media\/4245"}],"wp:attachment":[{"href":"https:\/\/pullapirtti.fi\/en\/wp-json\/wp\/v2\/media?parent=4259"}],"wp:term":[{"taxonomy":"product_brand","embeddable":true,"href":"https:\/\/pullapirtti.fi\/en\/wp-json\/wp\/v2\/product_brand?post=4259"},{"taxonomy":"product_cat","embeddable":true,"href":"https:\/\/pullapirtti.fi\/en\/wp-json\/wp\/v2\/product_cat?post=4259"},{"taxonomy":"product_tag","embeddable":true,"href":"https:\/\/pullapirtti.fi\/en\/wp-json\/wp\/v2\/product_tag?post=4259"},{"taxonomy":"ravinterittely","embeddable":true,"href":"https:\/\/pullapirtti.fi\/en\/wp-json\/wp\/v2\/ravinterittely?post=4259"}],"curies":[{"name":"wp","href":"https:\/\/api.w.org\/{rel}","templated":true}]}}