{"id":4258,"date":"2024-11-15T12:04:42","date_gmt":"2024-11-15T10:04:42","guid":{"rendered":"https:\/\/pullapirtti.fi\/?post_type=product&#038;p=4258"},"modified":"2025-01-07T14:06:50","modified_gmt":"2025-01-07T12:06:50","slug":"riisipiirakka-lohella","status":"publish","type":"product","link":"https:\/\/pullapirtti.fi\/en\/product\/riisipiirakka-lohella\/","title":{"rendered":"Riisipiirakka lohella"},"content":{"rendered":"","protected":false},"excerpt":{"rendered":"<p>Perinteinen riisipiirakka, jonka p\u00e4\u00e4ll\u00e4 herkullista savulohta.<\/p>\n<p>Sopii tarjottavaksi niin aamupalatilaisuuksiin, kokouksiin kuin juhlap\u00f6yt\u00e4\u00e4nkin.<\/p>\n<p>Laktoositon<\/p>","protected":false},"featured_media":4246,"comment_status":"open","ping_status":"closed","template":"","meta":{"_improvement_type_select":"improve_an_existing","_thumb_yes_seoaic":false,"_frame_yes_seoaic":false,"seoaic_generate_description":"","seoaic_improve_instructions_prompt":"","seoaic_rollback_content_improvement":"","seoaic_idea_thumbnail_generator":"","thumbnail_generated":false,"thumbnail_generate_prompt":"","seoaic_article_description":"","iawp_total_views":35},"product_brand":[],"product_cat":[139],"product_tag":[],"ravinterittely":[],"class_list":{"0":"post-4258","1":"product","2":"type-product","3":"status-publish","4":"has-post-thumbnail","6":"product_cat-suolaiset","8":"first","9":"instock","10":"taxable","11":"shipping-taxable","12":"purchasable","13":"product-type-simple"},"_links":{"self":[{"href":"https:\/\/pullapirtti.fi\/en\/wp-json\/wp\/v2\/product\/4258","targetHints":{"allow":["GET"]}}],"collection":[{"href":"https:\/\/pullapirtti.fi\/en\/wp-json\/wp\/v2\/product"}],"about":[{"href":"https:\/\/pullapirtti.fi\/en\/wp-json\/wp\/v2\/types\/product"}],"replies":[{"embeddable":true,"href":"https:\/\/pullapirtti.fi\/en\/wp-json\/wp\/v2\/comments?post=4258"}],"wp:featuredmedia":[{"embeddable":true,"href":"https:\/\/pullapirtti.fi\/en\/wp-json\/wp\/v2\/media\/4246"}],"wp:attachment":[{"href":"https:\/\/pullapirtti.fi\/en\/wp-json\/wp\/v2\/media?parent=4258"}],"wp:term":[{"taxonomy":"product_brand","embeddable":true,"href":"https:\/\/pullapirtti.fi\/en\/wp-json\/wp\/v2\/product_brand?post=4258"},{"taxonomy":"product_cat","embeddable":true,"href":"https:\/\/pullapirtti.fi\/en\/wp-json\/wp\/v2\/product_cat?post=4258"},{"taxonomy":"product_tag","embeddable":true,"href":"https:\/\/pullapirtti.fi\/en\/wp-json\/wp\/v2\/product_tag?post=4258"},{"taxonomy":"ravinterittely","embeddable":true,"href":"https:\/\/pullapirtti.fi\/en\/wp-json\/wp\/v2\/ravinterittely?post=4258"}],"curies":[{"name":"wp","href":"https:\/\/api.w.org\/{rel}","templated":true}]}}