{"id":4257,"date":"2024-11-15T12:03:12","date_gmt":"2024-11-15T10:03:12","guid":{"rendered":"https:\/\/pullapirtti.fi\/?post_type=product&#038;p=4257"},"modified":"2025-01-07T14:06:55","modified_gmt":"2025-01-07T12:06:55","slug":"bagel","status":"publish","type":"product","link":"https:\/\/pullapirtti.fi\/en\/product\/bagel\/","title":{"rendered":"Bagel"},"content":{"rendered":"<h5>Bagel pastram:<\/h5>\n<p>salaatti, kurkku, tomaatti, Viskaalin naudan pastram (paprika, chili), pippurituorejuusto (KERMA, MAITOJAUHE, laktoositon)<\/p>\n<h5>Bagel lohi:<\/h5>\n<p>salaatti, kurkku, tomaatti, tilli, maustamaton tuorejuusto (KERMA, MAITOJAUHE, laktoositon) ja\u00a0Kalaonni l\u00e4mminsavulohi<\/p>\n<h5>Bagel mozzarella:<\/h5>\n<p>salaatti, kurkku, tomaatti, mozzarella (laktoositon), chili-paprikatuorejuusto (KERMA, MAITOJAUHE, laktoositon)<\/p>\n<h5>Bagel kana:<\/h5>\n<p>salaatti, kurkku, tomaatti,\u00a0chili-paprikatuorejuusto (KERMA, MAITOJAUHE, laktoositon),<br \/>\nKasvishovin taco-maustettu broileri<\/p>","protected":false},"excerpt":{"rendered":"<p>Leipomossamme leivottu t\u00e4ysin kotimainen bagel herkullisilla t\u00e4ytteill\u00e4. Yksi kahvilamme suosituimmista tuotteista.<\/p>\n<p><strong>Kerro ostoskorin lis\u00e4tiedoissa haluamasi t\u00e4ytteet.<\/strong><\/p>\n<p>Bagelit ovat laktoosittomia.<\/p>","protected":false},"featured_media":4250,"comment_status":"open","ping_status":"closed","template":"","meta":{"_improvement_type_select":"improve_an_existing","_thumb_yes_seoaic":false,"_frame_yes_seoaic":false,"seoaic_generate_description":"","seoaic_improve_instructions_prompt":"","seoaic_rollback_content_improvement":"","seoaic_idea_thumbnail_generator":"","thumbnail_generated":false,"thumbnail_generate_prompt":"","seoaic_article_description":"","iawp_total_views":132},"product_brand":[],"product_cat":[139],"product_tag":[],"ravinterittely":[],"class_list":{"0":"post-4257","1":"product","2":"type-product","3":"status-publish","4":"has-post-thumbnail","6":"product_cat-suolaiset","8":"first","9":"instock","10":"taxable","11":"shipping-taxable","12":"purchasable","13":"product-type-simple"},"_links":{"self":[{"href":"https:\/\/pullapirtti.fi\/en\/wp-json\/wp\/v2\/product\/4257","targetHints":{"allow":["GET"]}}],"collection":[{"href":"https:\/\/pullapirtti.fi\/en\/wp-json\/wp\/v2\/product"}],"about":[{"href":"https:\/\/pullapirtti.fi\/en\/wp-json\/wp\/v2\/types\/product"}],"replies":[{"embeddable":true,"href":"https:\/\/pullapirtti.fi\/en\/wp-json\/wp\/v2\/comments?post=4257"}],"wp:featuredmedia":[{"embeddable":true,"href":"https:\/\/pullapirtti.fi\/en\/wp-json\/wp\/v2\/media\/4250"}],"wp:attachment":[{"href":"https:\/\/pullapirtti.fi\/en\/wp-json\/wp\/v2\/media?parent=4257"}],"wp:term":[{"taxonomy":"product_brand","embeddable":true,"href":"https:\/\/pullapirtti.fi\/en\/wp-json\/wp\/v2\/product_brand?post=4257"},{"taxonomy":"product_cat","embeddable":true,"href":"https:\/\/pullapirtti.fi\/en\/wp-json\/wp\/v2\/product_cat?post=4257"},{"taxonomy":"product_tag","embeddable":true,"href":"https:\/\/pullapirtti.fi\/en\/wp-json\/wp\/v2\/product_tag?post=4257"},{"taxonomy":"ravinterittely","embeddable":true,"href":"https:\/\/pullapirtti.fi\/en\/wp-json\/wp\/v2\/ravinterittely?post=4257"}],"curies":[{"name":"wp","href":"https:\/\/api.w.org\/{rel}","templated":true}]}}