{"id":4256,"date":"2024-11-15T12:01:53","date_gmt":"2024-11-15T10:01:53","guid":{"rendered":"https:\/\/pullapirtti.fi\/?post_type=product&#038;p=4256"},"modified":"2025-01-07T14:06:59","modified_gmt":"2025-01-07T12:06:59","slug":"voileipakakkupala","status":"publish","type":"product","link":"https:\/\/pullapirtti.fi\/en\/product\/voileipakakkupala\/","title":{"rendered":"Voileip\u00e4kakkupala"},"content":{"rendered":"<p>Voileip\u00e4kakku lohi:<\/p>\n<p>paprika, tilli, kasvisliemi (SELLERI, VEHN\u00c4GLUTEENI, saattaa sis\u00e4lt\u00e4\u00e4 kananmunaa, soijaa ja kalaa) maustamaton tuorejuusto (KERMA, MAITOJAUHE, laktoositon), kurkkusalaatti (SINAPINSIEMENET) ja\u00a0Kalaonni\u00a0L\u00e4mminsavulohi<\/p>\n<p>Voileip\u00e4kakku liha:<\/p>\n<p>paprika, persilja, lihaliemi (VEHN\u00c4GLUTEENI, saattaa sis\u00e4lt\u00e4\u00e4 kananmunaa, soijaa, selleri\u00e4 ja kalaa) maustamaton tuorejuusto (KERMA, MAITOJAUHE, laktoositon), kurkkusalaatti (SINAPINSIEMENET) ja Viskaalin palvirouhe<\/p>","protected":false},"excerpt":{"rendered":"<p>Meilt\u00e4 sit\u00e4 saa! Perinteist\u00e4 voileip\u00e4kakkua. T\u00e4m\u00e4 on yksi kahvilamme suosituimmista tuotteista. Valmistamme voileip\u00e4kakun tuoreena paikan p\u00e4\u00e4ll\u00e4 kahvilassamme. Voileip\u00e4kakkupaloja on saatavilla lohella sek\u00e4 Viskaalin palvinaudalla.<\/p>\n<p><strong>Ilmoitathan ostoskorin lis\u00e4tiedoissa, kummalla t\u00e4ytteell\u00e4 haluatte palat.<\/strong><\/p>\n<p>&nbsp;<\/p>","protected":false},"featured_media":5771,"comment_status":"open","ping_status":"closed","template":"","meta":{"_improvement_type_select":"improve_an_existing","_thumb_yes_seoaic":false,"_frame_yes_seoaic":false,"seoaic_generate_description":"","seoaic_improve_instructions_prompt":"","seoaic_rollback_content_improvement":"","seoaic_idea_thumbnail_generator":"","thumbnail_generated":false,"thumbnail_generate_prompt":"","seoaic_article_description":"","iawp_total_views":198},"product_brand":[],"product_cat":[139],"product_tag":[],"ravinterittely":[],"class_list":{"0":"post-4256","1":"product","2":"type-product","3":"status-publish","4":"has-post-thumbnail","6":"product_cat-suolaiset","8":"first","9":"instock","10":"taxable","11":"shipping-taxable","12":"purchasable","13":"product-type-simple"},"_links":{"self":[{"href":"https:\/\/pullapirtti.fi\/en\/wp-json\/wp\/v2\/product\/4256","targetHints":{"allow":["GET"]}}],"collection":[{"href":"https:\/\/pullapirtti.fi\/en\/wp-json\/wp\/v2\/product"}],"about":[{"href":"https:\/\/pullapirtti.fi\/en\/wp-json\/wp\/v2\/types\/product"}],"replies":[{"embeddable":true,"href":"https:\/\/pullapirtti.fi\/en\/wp-json\/wp\/v2\/comments?post=4256"}],"wp:featuredmedia":[{"embeddable":true,"href":"https:\/\/pullapirtti.fi\/en\/wp-json\/wp\/v2\/media\/5771"}],"wp:attachment":[{"href":"https:\/\/pullapirtti.fi\/en\/wp-json\/wp\/v2\/media?parent=4256"}],"wp:term":[{"taxonomy":"product_brand","embeddable":true,"href":"https:\/\/pullapirtti.fi\/en\/wp-json\/wp\/v2\/product_brand?post=4256"},{"taxonomy":"product_cat","embeddable":true,"href":"https:\/\/pullapirtti.fi\/en\/wp-json\/wp\/v2\/product_cat?post=4256"},{"taxonomy":"product_tag","embeddable":true,"href":"https:\/\/pullapirtti.fi\/en\/wp-json\/wp\/v2\/product_tag?post=4256"},{"taxonomy":"ravinterittely","embeddable":true,"href":"https:\/\/pullapirtti.fi\/en\/wp-json\/wp\/v2\/ravinterittely?post=4256"}],"curies":[{"name":"wp","href":"https:\/\/api.w.org\/{rel}","templated":true}]}}