{"id":4253,"date":"2024-11-15T11:56:04","date_gmt":"2024-11-15T09:56:04","guid":{"rendered":"https:\/\/pullapirtti.fi\/?post_type=product&#038;p=4253"},"modified":"2025-02-26T12:07:52","modified_gmt":"2025-02-26T10:07:52","slug":"karoliinaleivos","status":"publish","type":"product","link":"https:\/\/pullapirtti.fi\/en\/product\/karoliinaleivos\/","title":{"rendered":"Karoliinaleivos"},"content":{"rendered":"<p>Sokeri, porkkana (19%), VEHN\u00c4jauho, VOI, KANANMUNA, JUUSTO, kasvi\u00f6ljyt [rapsi, palmu (SG), kookos], MANTELI, vesi, suola, vanilliinisokeri, nostatusaine (E450, E500, E500ii), kaneli, emulgointiaine (E471, E475), happamuudens\u00e4\u00e4t\u00f6aine (E330), sulatesuolat (E452, E339, E331), aromi, v\u00e4ri (E160a).<\/p>\n","protected":false},"excerpt":{"rendered":"<p>Iki ihanaa porkkanakakkua! Kuorrute on aivan parasta!<\/p>\n<p>Karoliinaleivos on laktoositon.<\/p>\n<p>&nbsp;<\/p>","protected":false},"featured_media":4239,"comment_status":"open","ping_status":"closed","template":"","meta":{"_improvement_type_select":"improve_an_existing","_thumb_yes_seoaic":false,"_frame_yes_seoaic":false,"seoaic_generate_description":"","seoaic_improve_instructions_prompt":"","seoaic_rollback_content_improvement":"","seoaic_idea_thumbnail_generator":"","thumbnail_generated":false,"thumbnail_generate_prompt":"","seoaic_article_description":"","iawp_total_views":141},"product_brand":[],"product_cat":[93],"product_tag":[],"ravinterittely":[],"class_list":{"0":"post-4253","1":"product","2":"type-product","3":"status-publish","4":"has-post-thumbnail","6":"product_cat-makeat","8":"first","9":"instock","10":"taxable","11":"shipping-taxable","12":"purchasable","13":"product-type-simple"},"_links":{"self":[{"href":"https:\/\/pullapirtti.fi\/en\/wp-json\/wp\/v2\/product\/4253","targetHints":{"allow":["GET"]}}],"collection":[{"href":"https:\/\/pullapirtti.fi\/en\/wp-json\/wp\/v2\/product"}],"about":[{"href":"https:\/\/pullapirtti.fi\/en\/wp-json\/wp\/v2\/types\/product"}],"replies":[{"embeddable":true,"href":"https:\/\/pullapirtti.fi\/en\/wp-json\/wp\/v2\/comments?post=4253"}],"wp:featuredmedia":[{"embeddable":true,"href":"https:\/\/pullapirtti.fi\/en\/wp-json\/wp\/v2\/media\/4239"}],"wp:attachment":[{"href":"https:\/\/pullapirtti.fi\/en\/wp-json\/wp\/v2\/media?parent=4253"}],"wp:term":[{"taxonomy":"product_brand","embeddable":true,"href":"https:\/\/pullapirtti.fi\/en\/wp-json\/wp\/v2\/product_brand?post=4253"},{"taxonomy":"product_cat","embeddable":true,"href":"https:\/\/pullapirtti.fi\/en\/wp-json\/wp\/v2\/product_cat?post=4253"},{"taxonomy":"product_tag","embeddable":true,"href":"https:\/\/pullapirtti.fi\/en\/wp-json\/wp\/v2\/product_tag?post=4253"},{"taxonomy":"ravinterittely","embeddable":true,"href":"https:\/\/pullapirtti.fi\/en\/wp-json\/wp\/v2\/ravinterittely?post=4253"}],"curies":[{"name":"wp","href":"https:\/\/api.w.org\/{rel}","templated":true}]}}