{"id":4252,"date":"2024-11-15T11:54:33","date_gmt":"2024-11-15T09:54:33","guid":{"rendered":"https:\/\/pullapirtti.fi\/?post_type=product&#038;p=4252"},"modified":"2025-02-26T12:00:58","modified_gmt":"2025-02-26T10:00:58","slug":"minttusuklaaleivos","status":"publish","type":"product","link":"https:\/\/pullapirtti.fi\/en\/product\/minttusuklaaleivos\/","title":{"rendered":"Minttusuklaaleivos"},"content":{"rendered":"<p>Leivospohja (VEHN\u00c4jauho, sokeri, KANANMUNA, vesi, sakeuttamisaineet (E420, E422), kaakao, t\u00e4rkkelyssiirappi, perunajauho, suola, nostatusaine (E450, E500, E334), emulgointiaine (E471, E475), aromit, v\u00e4ri (E150c)], KERMA, suklaanmakuinen tryffeli [sokeri, v\u00e4h\u00e4rasvainen kaakaojauhe, kokonaan kovetettu kookos\u00f6ljy, kasvi\u00f6ljy (rapsi, kookos), emulgointiaine (E322 auringonkukkalesitiini), aromi], vesi, sokeri, glukoosi, inverttisokerisiirappi, liivate (nauta), kaakaomassa, kaakaovoi, MAITOrasva, suola, vanilliinisokeri, glukoosisiirappi, sakeuttamisaine (E406, E440), emulgointiaine (E322 SOIJAlesitiini), maissit\u00e4rkkelys, palmu\u00f6ljy, v\u00e4ri (E100, E141, E133, E102*, E151, E122*, E110*), luontainen vanilja-aromi, aromi (mm. minttu). * V\u00e4rit E102, E110, E122 voivat vaikuttaa haitallisesti lasten aktiivisuustasoon ja heikent\u00e4\u00e4 tarkkaavaisuutta.<\/p>\n","protected":false},"excerpt":{"rendered":"<p>Suklaaleivos tummalla leivospohjalla jonka v\u00e4liss\u00e4 ihanan raikasta minttua.<br \/>\nMaultaan muistuttaa minttusuklaa j\u00e4\u00e4tel\u00f6\u00e4!<\/p>\n<p>Laktoositon<\/p>\n<p>&nbsp;<\/p>\n<p>&nbsp;<\/p>","protected":false},"featured_media":4242,"comment_status":"open","ping_status":"closed","template":"","meta":{"_improvement_type_select":"improve_an_existing","_thumb_yes_seoaic":false,"_frame_yes_seoaic":false,"seoaic_generate_description":"","seoaic_improve_instructions_prompt":"","seoaic_rollback_content_improvement":"","seoaic_idea_thumbnail_generator":"","thumbnail_generated":false,"thumbnail_generate_prompt":"","seoaic_article_description":"","iawp_total_views":56},"product_brand":[],"product_cat":[93],"product_tag":[],"ravinterittely":[],"class_list":{"0":"post-4252","1":"product","2":"type-product","3":"status-publish","4":"has-post-thumbnail","6":"product_cat-makeat","8":"first","9":"instock","10":"taxable","11":"shipping-taxable","12":"purchasable","13":"product-type-simple"},"_links":{"self":[{"href":"https:\/\/pullapirtti.fi\/en\/wp-json\/wp\/v2\/product\/4252","targetHints":{"allow":["GET"]}}],"collection":[{"href":"https:\/\/pullapirtti.fi\/en\/wp-json\/wp\/v2\/product"}],"about":[{"href":"https:\/\/pullapirtti.fi\/en\/wp-json\/wp\/v2\/types\/product"}],"replies":[{"embeddable":true,"href":"https:\/\/pullapirtti.fi\/en\/wp-json\/wp\/v2\/comments?post=4252"}],"wp:featuredmedia":[{"embeddable":true,"href":"https:\/\/pullapirtti.fi\/en\/wp-json\/wp\/v2\/media\/4242"}],"wp:attachment":[{"href":"https:\/\/pullapirtti.fi\/en\/wp-json\/wp\/v2\/media?parent=4252"}],"wp:term":[{"taxonomy":"product_brand","embeddable":true,"href":"https:\/\/pullapirtti.fi\/en\/wp-json\/wp\/v2\/product_brand?post=4252"},{"taxonomy":"product_cat","embeddable":true,"href":"https:\/\/pullapirtti.fi\/en\/wp-json\/wp\/v2\/product_cat?post=4252"},{"taxonomy":"product_tag","embeddable":true,"href":"https:\/\/pullapirtti.fi\/en\/wp-json\/wp\/v2\/product_tag?post=4252"},{"taxonomy":"ravinterittely","embeddable":true,"href":"https:\/\/pullapirtti.fi\/en\/wp-json\/wp\/v2\/ravinterittely?post=4252"}],"curies":[{"name":"wp","href":"https:\/\/api.w.org\/{rel}","templated":true}]}}