{"id":4251,"date":"2024-11-15T11:53:03","date_gmt":"2024-11-15T09:53:03","guid":{"rendered":"https:\/\/pullapirtti.fi\/?post_type=product&#038;p=4251"},"modified":"2025-02-26T11:58:18","modified_gmt":"2025-02-26T09:58:18","slug":"sacherleivos","status":"publish","type":"product","link":"https:\/\/pullapirtti.fi\/en\/product\/sacherleivos\/","title":{"rendered":"Sacherleivos"},"content":{"rendered":"<p>KANANMUNA, sokeri, VOI, vesi, kokonaan kovetetut ja osittain kovetetut kasvirasvat (palmuydin\u00f6ljy), VEHN\u00c4jauho, KERMA, aprikoosi, v\u00e4h\u00e4rasvainen kaakaojauhe, perunajauho, VEHN\u00c4\/maissit\u00e4rkkelys, glukoosisiirappi, nostatusaine (E450, E500), emulgointiaine (E322 SOIJAlesitiini, E476), sakeuttamisaine (E1442 peruna, E440, E452), happamuudens\u00e4\u00e4t\u00f6aine (E330, E333), aromit, s\u00e4il\u00f6nt\u00e4aine (E202), v\u00e4ri (E160a, E173).<\/p>","protected":false},"excerpt":{"rendered":"<p>Perinteinen wienil\u00e4inen suklaaleivos, jossa on kerros aprikoosihilloa sek\u00e4 suklaakuorrutus.<\/p>\n<p>Sacherleivos on laktoositon.<\/p>","protected":false},"featured_media":4249,"comment_status":"open","ping_status":"closed","template":"","meta":{"_improvement_type_select":"improve_an_existing","_thumb_yes_seoaic":false,"_frame_yes_seoaic":false,"seoaic_generate_description":"","seoaic_improve_instructions_prompt":"","seoaic_rollback_content_improvement":"","seoaic_idea_thumbnail_generator":"","thumbnail_generated":false,"thumbnail_generate_prompt":"","seoaic_article_description":"","iawp_total_views":128},"product_brand":[],"product_cat":[93],"product_tag":[],"ravinterittely":[],"class_list":{"0":"post-4251","1":"product","2":"type-product","3":"status-publish","4":"has-post-thumbnail","6":"product_cat-makeat","8":"first","9":"instock","10":"taxable","11":"shipping-taxable","12":"purchasable","13":"product-type-simple"},"_links":{"self":[{"href":"https:\/\/pullapirtti.fi\/en\/wp-json\/wp\/v2\/product\/4251","targetHints":{"allow":["GET"]}}],"collection":[{"href":"https:\/\/pullapirtti.fi\/en\/wp-json\/wp\/v2\/product"}],"about":[{"href":"https:\/\/pullapirtti.fi\/en\/wp-json\/wp\/v2\/types\/product"}],"replies":[{"embeddable":true,"href":"https:\/\/pullapirtti.fi\/en\/wp-json\/wp\/v2\/comments?post=4251"}],"wp:featuredmedia":[{"embeddable":true,"href":"https:\/\/pullapirtti.fi\/en\/wp-json\/wp\/v2\/media\/4249"}],"wp:attachment":[{"href":"https:\/\/pullapirtti.fi\/en\/wp-json\/wp\/v2\/media?parent=4251"}],"wp:term":[{"taxonomy":"product_brand","embeddable":true,"href":"https:\/\/pullapirtti.fi\/en\/wp-json\/wp\/v2\/product_brand?post=4251"},{"taxonomy":"product_cat","embeddable":true,"href":"https:\/\/pullapirtti.fi\/en\/wp-json\/wp\/v2\/product_cat?post=4251"},{"taxonomy":"product_tag","embeddable":true,"href":"https:\/\/pullapirtti.fi\/en\/wp-json\/wp\/v2\/product_tag?post=4251"},{"taxonomy":"ravinterittely","embeddable":true,"href":"https:\/\/pullapirtti.fi\/en\/wp-json\/wp\/v2\/ravinterittely?post=4251"}],"curies":[{"name":"wp","href":"https:\/\/api.w.org\/{rel}","templated":true}]}}