{"id":4161,"date":"2024-10-29T16:07:04","date_gmt":"2024-10-29T14:07:04","guid":{"rendered":"https:\/\/pullapirtti.fi\/?post_type=product&#038;p=4161"},"modified":"2025-02-26T11:55:11","modified_gmt":"2025-02-26T09:55:11","slug":"lumipalloleivos","status":"publish","type":"product","link":"https:\/\/pullapirtti.fi\/en\/product\/lumipalloleivos\/","title":{"rendered":"Lumipalloleivos"},"content":{"rendered":"<p>KERMA, sokeri, TUOREJUUSTO, MAITORAHKA, puolukka, VOI, KAURA (t\u00e4ysjyv\u00e4jauho, lese), glukoosisiirappi, vesi, t\u00e4rkkelyssiirappi, T\u00c4YSMAITOJAUHE, KANANMUNA, kaakaovoi, puolukkat\u00e4ysmehu, liivate, dekstroosi, suola, vanilliinisokeri, luontainen sitrus- ja vanilja-aromi, nostatusaine (E450, E500), sakkaroosi, sakeuttamisaine (E407, E410, E440, E410, E509, E452), hyytel\u00f6imisaine (E401, E415, E406), emulgointiaine (E322 SOIJAlesitiini), muunnettu perunat\u00e4rkkelys, happamuudens\u00e4\u00e4t\u00f6aine (E330, E331, E341), s\u00e4il\u00f6nt\u00e4aine (E202), v\u00e4ri (E160a, E133), karamellisiirappi, aromit.<\/p>","protected":false},"excerpt":{"rendered":"<p>Palkittu ja hyvin tyk\u00e4tty Suomi 100 leivos.<\/p>\n<p>Meid\u00e4n\u00a0leipurit suunnittelivat Lumipallo-leivoksen ja se p\u00e4\u00e4si\u00a0Suomen Leipuriliiton j\u00e4rjest\u00e4m\u00e4n Itsen\u00e4inen Suomi 100 vuotta -leivoskilpailun finaaliin. Ja tuli toiseksi! Nimens\u00e4 ja v\u00e4rins\u00e4 leivos saa Suomen lumisesta talvesta.<\/p>\n<p>Leivoksen pohjassa on k\u00e4ytetty kauraa ja sis\u00e4ll\u00e4 on puolukkamoussea ja herkullista kinuskia.<\/p>\n<p>Lumipalloleivos on v\u00e4h\u00e4laktoosinen.<\/p>","protected":false},"featured_media":4241,"comment_status":"open","ping_status":"closed","template":"","meta":{"_improvement_type_select":"improve_an_existing","_thumb_yes_seoaic":false,"_frame_yes_seoaic":false,"seoaic_generate_description":"","seoaic_improve_instructions_prompt":"","seoaic_rollback_content_improvement":"","seoaic_idea_thumbnail_generator":"","thumbnail_generated":false,"thumbnail_generate_prompt":"","seoaic_article_description":"","iawp_total_views":100},"product_brand":[],"product_cat":[93],"product_tag":[106],"ravinterittely":[],"class_list":{"0":"post-4161","1":"product","2":"type-product","3":"status-publish","4":"has-post-thumbnail","6":"product_cat-makeat","7":"product_tag-vahalaktoosinen","9":"first","10":"instock","11":"taxable","12":"shipping-taxable","13":"purchasable","14":"product-type-simple"},"_links":{"self":[{"href":"https:\/\/pullapirtti.fi\/en\/wp-json\/wp\/v2\/product\/4161","targetHints":{"allow":["GET"]}}],"collection":[{"href":"https:\/\/pullapirtti.fi\/en\/wp-json\/wp\/v2\/product"}],"about":[{"href":"https:\/\/pullapirtti.fi\/en\/wp-json\/wp\/v2\/types\/product"}],"replies":[{"embeddable":true,"href":"https:\/\/pullapirtti.fi\/en\/wp-json\/wp\/v2\/comments?post=4161"}],"wp:featuredmedia":[{"embeddable":true,"href":"https:\/\/pullapirtti.fi\/en\/wp-json\/wp\/v2\/media\/4241"}],"wp:attachment":[{"href":"https:\/\/pullapirtti.fi\/en\/wp-json\/wp\/v2\/media?parent=4161"}],"wp:term":[{"taxonomy":"product_brand","embeddable":true,"href":"https:\/\/pullapirtti.fi\/en\/wp-json\/wp\/v2\/product_brand?post=4161"},{"taxonomy":"product_cat","embeddable":true,"href":"https:\/\/pullapirtti.fi\/en\/wp-json\/wp\/v2\/product_cat?post=4161"},{"taxonomy":"product_tag","embeddable":true,"href":"https:\/\/pullapirtti.fi\/en\/wp-json\/wp\/v2\/product_tag?post=4161"},{"taxonomy":"ravinterittely","embeddable":true,"href":"https:\/\/pullapirtti.fi\/en\/wp-json\/wp\/v2\/ravinterittely?post=4161"}],"curies":[{"name":"wp","href":"https:\/\/api.w.org\/{rel}","templated":true}]}}