{"id":6374,"date":"2025-03-19T10:44:47","date_gmt":"2025-03-19T08:44:47","guid":{"rendered":"https:\/\/pullapirtti.fi\/?page_id=6374"},"modified":"2026-04-13T08:59:11","modified_gmt":"2026-04-13T05:59:11","slug":"oulun-leipomon-myymala-kahvila","status":"publish","type":"page","link":"https:\/\/pullapirtti.fi\/en\/kahvilat\/oulun-leipomon-myymala-kahvila\/","title":{"rendered":"Oulun Leipomon myym\u00e4l\u00e4-kahvila"},"content":{"rendered":"<div data-elementor-type=\"wp-page\" data-elementor-id=\"6374\" class=\"elementor elementor-6374\" data-elementor-post-type=\"page\">\n\t\t\t\t<div class=\"elementor-element elementor-element-f0450b3 e-flex e-con-boxed e-con e-parent\" data-id=\"f0450b3\" data-element_type=\"container\" data-e-type=\"container\" data-settings=\"{&quot;jet_parallax_layout_list&quot;:[]}\">\n\t\t\t\t\t<div class=\"e-con-inner\">\n\t\t\t\t<div class=\"elementor-element elementor-element-3836b6a jet-breadcrumbs-align-left elementor-widget elementor-widget-jet-breadcrumbs\" data-id=\"3836b6a\" data-element_type=\"widget\" data-e-type=\"widget\" data-widget_type=\"jet-breadcrumbs.default\">\n\t\t\t\t<div class=\"elementor-widget-container\">\n\t\t\t\t\t<div class=\"elementor-jet-breadcrumbs jet-blocks\">\n\t\t<div class=\"jet-breadcrumbs\">\n\t\t<div class=\"jet-breadcrumbs__content\">\n\t\t<div class=\"jet-breadcrumbs__wrap\"><div class=\"jet-breadcrumbs__item\"><a href=\"https:\/\/pullapirtti.fi\/en\/\" class=\"jet-breadcrumbs__item-link is-home\" rel=\"home\" title=\"Etusivu\">Etusivu<\/a><\/div>\n\t\t<\/div>\n\t\t<\/div>\n\t\t<\/div><\/div>\t\t\t\t<\/div>\n\t\t\t\t<\/div>\n\t\t\t\t\t<\/div>\n\t\t\t\t<\/div>\n\t\t<div class=\"elementor-element elementor-element-bfcbcf5 e-flex e-con-boxed e-con e-parent\" data-id=\"bfcbcf5\" data-element_type=\"container\" data-e-type=\"container\" data-settings=\"{&quot;jet_parallax_layout_list&quot;:[]}\">\n\t\t\t\t\t<div class=\"e-con-inner\">\n\t\t\t\t<div class=\"elementor-element elementor-element-f805855 elementor-widget elementor-widget-heading\" data-id=\"f805855\" data-element_type=\"widget\" data-e-type=\"widget\" data-widget_type=\"heading.default\">\n\t\t\t\t<div class=\"elementor-widget-container\">\n\t\t\t\t\t<h1 class=\"elementor-heading-title elementor-size-default\">Oulun Leipomon myym\u00e4l\u00e4-kahvila<\/h1>\t\t\t\t<\/div>\n\t\t\t\t<\/div>\n\t\t\t\t\t<\/div>\n\t\t\t\t<\/div>\n\t\t<div class=\"elementor-element elementor-element-22b2ceb e-flex e-con-boxed e-con e-child\" data-id=\"22b2ceb\" data-element_type=\"container\" data-e-type=\"container\" data-settings=\"{&quot;background_background&quot;:&quot;classic&quot;,&quot;jet_parallax_layout_list&quot;:[]}\">\n\t\t\t\t\t<div class=\"e-con-inner\">\n\t\t\t\t<div class=\"elementor-element elementor-element-178d275 elementor-view-default elementor-widget elementor-widget-icon\" data-id=\"178d275\" data-element_type=\"widget\" data-e-type=\"widget\" data-widget_type=\"icon.default\">\n\t\t\t\t<div class=\"elementor-widget-container\">\n\t\t\t\t\t\t\t<div class=\"elementor-icon-wrapper\">\n\t\t\t<div class=\"elementor-icon\">\n\t\t\t<svg xmlns=\"http:\/\/www.w3.org\/2000\/svg\" width=\"160\" height=\"80\" viewbox=\"0 0 160 80\" fill=\"none\"><path fill-rule=\"evenodd\" clip-rule=\"evenodd\" d=\"M80 -6.99382e-06C80 44.1828 115.817 80 160 80L0 80C44.1828 80 80 44.1828 80 -6.99382e-06Z\" fill=\"#F3EADD\"><\/path><\/svg>\t\t\t<\/div>\n\t\t<\/div>\n\t\t\t\t\t\t<\/div>\n\t\t\t\t<\/div>\n\t\t<div class=\"elementor-element elementor-element-f306c58 e-con-full e-flex e-con e-child\" data-id=\"f306c58\" data-element_type=\"container\" data-e-type=\"container\" data-settings=\"{&quot;jet_parallax_layout_list&quot;:[]}\">\n\t\t<div class=\"elementor-element elementor-element-8a225ad e-con-full e-flex e-con e-child\" data-id=\"8a225ad\" data-element_type=\"container\" data-e-type=\"container\" data-settings=\"{&quot;jet_parallax_layout_list&quot;:[]}\">\n\t\t<div class=\"elementor-element elementor-element-597f6c4 e-con-full e-flex e-con e-child\" data-id=\"597f6c4\" data-element_type=\"container\" data-e-type=\"container\" data-settings=\"{&quot;background_background&quot;:&quot;classic&quot;,&quot;jet_parallax_layout_list&quot;:[]}\">\n\t\t\t\t<div class=\"elementor-element elementor-element-c9f3be3 elementor-widget elementor-widget-heading\" data-id=\"c9f3be3\" data-element_type=\"widget\" data-e-type=\"widget\" data-widget_type=\"heading.default\">\n\t\t\t\t<div class=\"elementor-widget-container\">\n\t\t\t\t\t<h2 class=\"elementor-heading-title elementor-size-default\">Oulu bakery shop and cafe <\/h2>\t\t\t\t<\/div>\n\t\t\t\t<\/div>\n\t\t\t\t<div class=\"elementor-element elementor-element-10c1830 elementor-widget elementor-widget-text-editor\" data-id=\"10c1830\" data-element_type=\"widget\" data-e-type=\"widget\" data-widget_type=\"text-editor.default\">\n\t\t\t\t<div class=\"elementor-widget-container\">\n\t\t\t\t\t\t\t\t\t<p>Next to our second bakery in Raahe you can find fresh breads and buns with homemade lunch and different a la cart\u00e9 dishes. We also offer local produced Viskaalin hamburger meals. Leipurin Keidas has full gas station services.\n \nHomemade lunch is served from 11.00-15.00 with plentiful variety of bread and buns. A la cart\u00e9 and hamburgers are always available untill 18.00. Cafe offers fresh grounded L\u00f6fbergs coffee and large variety of delicates. \nEnjoy bread straight from the bakery!<\/p>\t\t\t\t\t\t\t\t<\/div>\n\t\t\t\t<\/div>\n\t\t\t\t<div class=\"elementor-element elementor-element-2e38f3e elementor-widescreen-align-left elementor-mobile-align-justify elementor-widget elementor-widget-button\" data-id=\"2e38f3e\" data-element_type=\"widget\" data-e-type=\"widget\" data-widget_type=\"button.default\">\n\t\t\t\t<div class=\"elementor-widget-container\">\n\t\t\t\t\t\t\t\t\t<div class=\"elementor-button-wrapper\">\n\t\t\t\t\t<a class=\"elementor-button elementor-button-link elementor-size-sm\" href=\"#lounaslista-oulu\">\n\t\t\t\t\t\t<span class=\"elementor-button-content-wrapper\">\n\t\t\t\t\t\t\t\t\t<span class=\"elementor-button-text\">Siirry lounaslistaan<\/span>\n\t\t\t\t\t<\/span>\n\t\t\t\t\t<\/a>\n\t\t\t\t<\/div>\n\t\t\t\t\t\t\t\t<\/div>\n\t\t\t\t<\/div>\n\t\t\t\t<div class=\"elementor-element elementor-element-59d66cc elementor-widget elementor-widget-text-editor\" data-id=\"59d66cc\" data-element_type=\"widget\" data-e-type=\"widget\" data-widget_type=\"text-editor.default\">\n\t\t\t\t<div class=\"elementor-widget-container\">\n\t\t\t\t\t\t\t\t\t<p>Olemme avoinna arkisin<\/p>\t\t\t\t\t\t\t\t<\/div>\n\t\t\t\t<\/div>\n\t\t<div class=\"elementor-element elementor-element-7ebb781 e-con-full e-flex e-con e-child\" data-id=\"7ebb781\" data-element_type=\"container\" data-e-type=\"container\" data-settings=\"{&quot;jet_parallax_layout_list&quot;:[]}\">\n\t\t<div class=\"elementor-element elementor-element-65a76a8 e-con-full e-flex e-con e-child\" data-id=\"65a76a8\" data-element_type=\"container\" data-e-type=\"container\" data-settings=\"{&quot;jet_parallax_layout_list&quot;:[]}\">\n\t\t<div class=\"elementor-element elementor-element-a98b436 e-con-full e-flex e-con e-child\" data-id=\"a98b436\" data-element_type=\"container\" data-e-type=\"container\" data-settings=\"{&quot;jet_parallax_layout_list&quot;:[]}\">\n\t\t\t\t<div class=\"elementor-element elementor-element-4177611 elementor-widget elementor-widget-text-editor\" data-id=\"4177611\" data-element_type=\"widget\" data-e-type=\"widget\" data-widget_type=\"text-editor.default\">\n\t\t\t\t<div class=\"elementor-widget-container\">\n\t\t\t\t\t\t\t\t\t<p><strong>Klo 7:00-17:00<\/strong><\/p><p><strong><br><\/strong><\/p>\n<p>P\u00e4\u00e4si\u00e4isen aukioloajat:<\/p>\n<p>Ma-to 30.3.-2.4. klo. 7:00-17:00<\/p>\n<p>Pe 3.4. ja ma 6.4. suljettu<\/p>\t\t\t\t\t\t\t\t<\/div>\n\t\t\t\t<\/div>\n\t\t\t\t<\/div>\n\t\t<div class=\"elementor-element elementor-element-9df9cce e-con-full e-flex e-con e-child\" data-id=\"9df9cce\" data-element_type=\"container\" data-e-type=\"container\" data-settings=\"{&quot;jet_parallax_layout_list&quot;:[]}\">\n\t\t\t\t<div class=\"elementor-element elementor-element-d0f36a1 elementor-widget elementor-widget-text-editor\" data-id=\"d0f36a1\" data-element_type=\"widget\" data-e-type=\"widget\" data-widget_type=\"text-editor.default\">\n\t\t\t\t<div class=\"elementor-widget-container\">\n\t\t\t\t\t\t\t\t\t<p>Lepolantie 17<br \/>90410 Oulu<br \/>Puh.010 548 3632<\/p>\t\t\t\t\t\t\t\t<\/div>\n\t\t\t\t<\/div>\n\t\t\t\t<\/div>\n\t\t\t\t<\/div>\n\t\t\t\t<\/div>\n\t\t\t\t<\/div>\n\t\t\t\t<\/div>\n\t\t<div class=\"elementor-element elementor-element-050e8e9 e-con-full elementor-hidden-mobile e-flex e-con e-child\" data-id=\"050e8e9\" data-element_type=\"container\" data-e-type=\"container\" data-settings=\"{&quot;background_background&quot;:&quot;classic&quot;,&quot;jet_parallax_layout_list&quot;:[]}\">\n\t\t\t\t<\/div>\n\t\t\t\t<\/div>\n\t\t<div class=\"elementor-element elementor-element-4452a52 e-con-full e-flex e-con e-child\" data-id=\"4452a52\" data-element_type=\"container\" data-e-type=\"container\" data-settings=\"{&quot;background_background&quot;:&quot;classic&quot;,&quot;jet_parallax_layout_list&quot;:[]}\">\n\t\t<div class=\"elementor-element elementor-element-de70793 e-con-full e-flex e-con e-child\" data-id=\"de70793\" data-element_type=\"container\" data-e-type=\"container\" data-settings=\"{&quot;jet_parallax_layout_list&quot;:[]}\">\n\t\t\t\t<div class=\"elementor-element elementor-element-5d73098 elementor-widget elementor-widget-heading\" data-id=\"5d73098\" data-element_type=\"widget\" data-e-type=\"widget\" data-widget_type=\"heading.default\">\n\t\t\t\t<div class=\"elementor-widget-container\">\n\t\t\t\t\t<h3 class=\"elementor-heading-title elementor-size-default\">Myym\u00e4l\u00e4ss\u00e4mme tarjotaan herkullista keittolounasta arkisin klo 11:00-13:00. <br>Vaihtelun vuoksi kerran viikossa tarjoamme keiton sijaan ruokaisan kiusauksen tai pastan.<br>Lounaan hinta 8,50\u20ac, kahvin ja pullan kanssa 9,00\u20ac.<\/h3>\t\t\t\t<\/div>\n\t\t\t\t<\/div>\n\t\t\t\t<\/div>\n\t\t\t\t<\/div>\n\t\t<div class=\"elementor-element elementor-element-0cb1331 e-con-full e-flex e-con e-child\" data-id=\"0cb1331\" data-element_type=\"container\" data-e-type=\"container\" data-settings=\"{&quot;jet_parallax_layout_list&quot;:[]}\">\n\t\t\t\t<div class=\"elementor-element elementor-element-6398326 elementor-widget elementor-widget-menu-anchor\" data-id=\"6398326\" data-element_type=\"widget\" data-e-type=\"widget\" data-widget_type=\"menu-anchor.default\">\n\t\t\t\t<div class=\"elementor-widget-container\">\n\t\t\t\t\t\t\t<div class=\"elementor-menu-anchor\" id=\"lounaslista-oulu\"><\/div>\n\t\t\t\t\t\t<\/div>\n\t\t\t\t<\/div>\n\t\t\t\t<\/div>\n\t\t<div class=\"elementor-element elementor-element-d0146f7 e-con-full e-flex e-con e-child\" data-id=\"d0146f7\" data-element_type=\"container\" data-e-type=\"container\" data-settings=\"{&quot;background_background&quot;:&quot;classic&quot;,&quot;jet_parallax_layout_list&quot;:[]}\">\n\t\t<div class=\"elementor-element elementor-element-e67c0aa e-con-full e-flex e-con e-child\" data-id=\"e67c0aa\" data-element_type=\"container\" data-e-type=\"container\" data-settings=\"{&quot;jet_parallax_layout_list&quot;:[]}\">\n\t\t<div class=\"elementor-element elementor-element-12ec1e4 e-con-full elementor-hidden-mobile e-flex e-con e-child\" data-id=\"12ec1e4\" data-element_type=\"container\" data-e-type=\"container\" data-settings=\"{&quot;background_background&quot;:&quot;classic&quot;,&quot;jet_parallax_layout_list&quot;:[]}\">\n\t\t\t\t<\/div>\n\t\t<div class=\"elementor-element elementor-element-19caeda e-con-full e-flex e-con e-child\" data-id=\"19caeda\" data-element_type=\"container\" data-e-type=\"container\" data-settings=\"{&quot;background_background&quot;:&quot;classic&quot;,&quot;jet_parallax_layout_list&quot;:[]}\">\n\t\t\t\t<div class=\"elementor-element elementor-element-4688b95 elementor-widget__width-initial elementor-widget-laptop__width-initial elementor-widget elementor-widget-heading\" data-id=\"4688b95\" data-element_type=\"widget\" data-e-type=\"widget\" data-widget_type=\"heading.default\">\n\t\t\t\t<div class=\"elementor-widget-container\">\n\t\t\t\t\t<h3 class=\"elementor-heading-title elementor-size-default\">Lounaslista VK 16<\/h3>\t\t\t\t<\/div>\n\t\t\t\t<\/div>\n\t\t\t\t<div class=\"elementor-element elementor-element-0ccee4a elementor-widget__width-initial elementor-widget-laptop__width-initial elementor-list-item-link-full_width elementor-widget elementor-widget-icon-list\" data-id=\"0ccee4a\" data-element_type=\"widget\" data-e-type=\"widget\" data-widget_type=\"icon-list.default\">\n\t\t\t\t<div class=\"elementor-widget-container\">\n\t\t\t\t\t\t\t<ul class=\"elementor-icon-list-items\">\n\t\t\t\t\t\t\t<li class=\"elementor-icon-list-item\">\n\t\t\t\t\t\t\t\t\t\t\t<span class=\"elementor-icon-list-icon\">\n\t\t\t\t\t\t\t<i aria-hidden=\"true\" class=\"fas fa-circle\"><\/i>\t\t\t\t\t\t<\/span>\n\t\t\t\t\t\t\t\t\t\t<span class=\"elementor-icon-list-text\">Ma: Lihakeitto M, G<\/span>\n\t\t\t\t\t\t\t\t\t<\/li>\n\t\t\t\t\t\t\t\t<li class=\"elementor-icon-list-item\">\n\t\t\t\t\t\t\t\t\t\t\t<span class=\"elementor-icon-list-icon\">\n\t\t\t\t\t\t\t<i aria-hidden=\"true\" class=\"fas fa-circle\"><\/i>\t\t\t\t\t\t<\/span>\n\t\t\t\t\t\t\t\t\t\t<span class=\"elementor-icon-list-text\">Ti: Kylm\u00e4savulohikeitto<\/span>\n\t\t\t\t\t\t\t\t\t<\/li>\n\t\t\t\t\t\t\t\t<li class=\"elementor-icon-list-item\">\n\t\t\t\t\t\t\t\t\t\t\t<span class=\"elementor-icon-list-icon\">\n\t\t\t\t\t\t\t<i aria-hidden=\"true\" class=\"fas fa-circle\"><\/i>\t\t\t\t\t\t<\/span>\n\t\t\t\t\t\t\t\t\t\t<span class=\"elementor-icon-list-text\">Ke: Broileri-Kookoskeitto L, G<\/span>\n\t\t\t\t\t\t\t\t\t<\/li>\n\t\t\t\t\t\t\t\t<li class=\"elementor-icon-list-item\">\n\t\t\t\t\t\t\t\t\t\t\t<span class=\"elementor-icon-list-icon\">\n\t\t\t\t\t\t\t<i aria-hidden=\"true\" class=\"fas fa-circle\"><\/i>\t\t\t\t\t\t<\/span>\n\t\t\t\t\t\t\t\t\t\t<span class=\"elementor-icon-list-text\">To: Hernekeitto M, G<\/span>\n\t\t\t\t\t\t\t\t\t<\/li>\n\t\t\t\t\t\t\t\t<li class=\"elementor-icon-list-item\">\n\t\t\t\t\t\t\t\t\t\t\t<span class=\"elementor-icon-list-icon\">\n\t\t\t\t\t\t\t<i aria-hidden=\"true\" class=\"fas fa-circle\"><\/i>\t\t\t\t\t\t<\/span>\n\t\t\t\t\t\t\t\t\t\t<span class=\"elementor-icon-list-text\">PE: Tonnikala-pastavuoka<\/span>\n\t\t\t\t\t\t\t\t\t<\/li>\n\t\t\t\t\t\t<\/ul>\n\t\t\t\t\t\t<\/div>\n\t\t\t\t<\/div>\n\t\t\t\t<\/div>\n\t\t\t\t<\/div>\n\t\t\t\t<\/div>\n\t\t\t\t<div class=\"elementor-element elementor-element-a30445d elementor-view-default elementor-widget elementor-widget-icon\" data-id=\"a30445d\" data-element_type=\"widget\" data-e-type=\"widget\" data-widget_type=\"icon.default\">\n\t\t\t\t<div class=\"elementor-widget-container\">\n\t\t\t\t\t\t\t<div class=\"elementor-icon-wrapper\">\n\t\t\t<div class=\"elementor-icon\">\n\t\t\t<svg xmlns=\"http:\/\/www.w3.org\/2000\/svg\" width=\"160\" height=\"80\" viewbox=\"0 0 160 80\" fill=\"none\"><path fill-rule=\"evenodd\" clip-rule=\"evenodd\" d=\"M80 80C80 35.8172 44.1828 -7.72516e-06 0 0L160 -2.79753e-05C115.817 -2.02501e-05 80 35.8172 80 80Z\" fill=\"#F3EADD\"><\/path><\/svg>\t\t\t<\/div>\n\t\t<\/div>\n\t\t\t\t\t\t<\/div>\n\t\t\t\t<\/div>\n\t\t\t\t\t<\/div>\n\t\t\t\t<\/div>\n\t\t\t\t<\/div>","protected":false},"excerpt":{"rendered":"<p>Etusivu Oulun leipomon myym\u00e4l\u00e4-kahvila Leipomon myym\u00e4l\u00e4st\u00e4mme l\u00f6yd\u00e4t tuoreet leiv\u00e4t, pullat ja viinerit heti klo 7.00 alkaen. Vitriiniss\u00e4mme on my\u00f6s vaihteleva valikoima t\u00e4ytekakkuja ja herkullisia leivoksia. Juhlat tulossa? Ota meihin yhteytt\u00e4 ja suunnitellaan yhdess\u00e4 juuri teille sopivat tarjoilut! Siirry lounaslistaan Olemme avoinna arkisin Klo 7:00-17:00 P\u00e4\u00e4si\u00e4isen aukioloajat: Ma-to 30.3.-2.4. klo. 7:00-17:00 Pe 3.4. ja ma 6.4. [&hellip;]<\/p>\n","protected":false},"author":7,"featured_media":0,"parent":1728,"menu_order":0,"comment_status":"closed","ping_status":"closed","template":"","meta":{"_improvement_type_select":"improve_an_existing","_thumb_yes_seoaic":false,"_frame_yes_seoaic":false,"seoaic_generate_description":"","seoaic_improve_instructions_prompt":"","seoaic_rollback_content_improvement":"","seoaic_idea_thumbnail_generator":"","thumbnail_generated":false,"thumbnail_generate_prompt":"","seoaic_article_description":"","iawp_total_views":14172,"footnotes":""},"class_list":["post-6374","page","type-page","status-publish","hentry"],"_links":{"self":[{"href":"https:\/\/pullapirtti.fi\/en\/wp-json\/wp\/v2\/pages\/6374","targetHints":{"allow":["GET"]}}],"collection":[{"href":"https:\/\/pullapirtti.fi\/en\/wp-json\/wp\/v2\/pages"}],"about":[{"href":"https:\/\/pullapirtti.fi\/en\/wp-json\/wp\/v2\/types\/page"}],"author":[{"embeddable":true,"href":"https:\/\/pullapirtti.fi\/en\/wp-json\/wp\/v2\/users\/7"}],"replies":[{"embeddable":true,"href":"https:\/\/pullapirtti.fi\/en\/wp-json\/wp\/v2\/comments?post=6374"}],"version-history":[{"count":6,"href":"https:\/\/pullapirtti.fi\/en\/wp-json\/wp\/v2\/pages\/6374\/revisions"}],"predecessor-version":[{"id":8001,"href":"https:\/\/pullapirtti.fi\/en\/wp-json\/wp\/v2\/pages\/6374\/revisions\/8001"}],"up":[{"embeddable":true,"href":"https:\/\/pullapirtti.fi\/en\/wp-json\/wp\/v2\/pages\/1728"}],"wp:attachment":[{"href":"https:\/\/pullapirtti.fi\/en\/wp-json\/wp\/v2\/media?parent=6374"}],"curies":[{"name":"wp","href":"https:\/\/api.w.org\/{rel}","templated":true}]}}