{"id":387,"date":"2022-11-02T20:20:46","date_gmt":"2022-11-02T18:20:46","guid":{"rendered":"https:\/\/pullapirtti.fi\/?page_id=387"},"modified":"2024-10-30T09:57:06","modified_gmt":"2024-10-30T07:57:06","slug":"tietosuoja","status":"publish","type":"page","link":"https:\/\/pullapirtti.fi\/en\/tietosuoja\/","title":{"rendered":"Tietosuojalauseke"},"content":{"rendered":"<p><strong>Lyhyesti<\/strong><\/p>\n\n\n\n<p>Pulla-Pirtti Oy on sitoutunut suojaamaan yksityisyytt\u00e4si henkil\u00f6tietolain (523\/1999), EU:n tietosuoja-asetuksen GDPR:n (General Data Protection Regulation) sek\u00e4 muun soveltuvan lains\u00e4\u00e4d\u00e4nn\u00f6n mukaisesti. T\u00e4m\u00e4n tietosuojalausunnon tarkoituksena on kuvata Sinulle miten ker\u00e4\u00e4mme ja millaista tietoa ker\u00e4\u00e4mme asiakkaistamme ja mihin k\u00e4yt\u00e4mme n\u00e4it\u00e4 ker\u00e4\u00e4mi\u00e4mme tietoja. Pulla-Pirtti Oy k\u00e4sittelee tietojasi yrityksen sis\u00e4ll\u00e4. Tietojasi ei luovuteta kolmansille osapuolille eik\u00e4 niit\u00e4 siirret\u00e4 EU:n tai ETA:n ulkopuolelle.<\/p>\n\n\n\n<p><strong>Mist\u00e4 ker\u00e4\u00e4mme tietoa<\/strong><\/p>\n\n\n\n<p>Henkil\u00f6 itse antaa tiedot Pulla-Pirtti Oy:lle liittym\u00e4ll\u00e4 kanta-asiakkaaksi, osallistumalla kilpailuihin tai arvontoihin, markkinointikampanjoihin sek\u00e4 kyselyihin tai muulla tavalla ottaa yhteytt\u00e4 Pulla-Pirtti Oy:hyn. T\u00e4m\u00e4n lis\u00e4ksi kuvasi voi tallentua turvakameroihimme vieraillessasi Pulla-Pirtti Oy:n toimipisteiss\u00e4.<\/p>\n\n\n\n<p><strong>Millaista tietoa ker\u00e4\u00e4mme<\/strong><\/p>\n\n\n\n<p>Henkil\u00f6n etu- ja sukunimi, osoite, postinumero ja \u2013toimipaikka, puhelinnumero, s\u00e4hk\u00f6postiosoite ja tieto siit\u00e4 milloin ja miss\u00e4 yhteydess\u00e4 henkil\u00f6 on antanut suostumuksen n\u00e4ihin tarkoituksiin.<\/p>\n\n\n\n<p><strong>Mihin tietoa k\u00e4ytet\u00e4\u00e4n<\/strong><\/p>\n\n\n\n<p>K\u00e4yt\u00e4mme antamiasi tietoja liiketoiminnallisiin tarpeisiin esimerkiksi suoramarkkinointiin s\u00e4hk\u00f6postin v\u00e4lityksell\u00e4. Arvontoihin ja kilpailuihin osallistuessasi k\u00e4yt\u00e4mme tietojasi yhteyden saamiseksi sinuun.<\/p>\n\n\n\n<p><strong>Kuinka kauan s\u00e4ilyt\u00e4mme tietoja<\/strong><\/p>\n\n\n\n<p>Emme s\u00e4ilyt\u00e4 tietojasi kauemmin kuin on tarpeen. Tietojesi s\u00e4ilytysaikaan vaikuttaa my\u00f6s, miss\u00e4 yhteydess\u00e4 ja mihin tarkoitukseen olet antanut tietosi. S\u00e4ilyt\u00e4mme kanta-asiakas rekisteriss\u00e4mme tietojasi niin kauan kuin olet kanta-asiakkaamme.<\/p>\n\n\n\n<p><strong>Kenen puoleen voit k\u00e4\u00e4nty\u00e4 tietojasi k\u00e4sittely\u00e4 koskevissa kysymyksiss\u00e4<\/strong><\/p>\n\n\n\n<p>Tietojesi k\u00e4sittely\u00e4 koskevissa kysymyksiss\u00e4 tai halutessasi tarkistaa tai poistaa tietosi rekisterist\u00e4mme voit j\u00e4tt\u00e4\u00e4 viestin nettisivumme Kuluttajapalveluun tai l\u00e4hett\u00e4\u00e4 s\u00e4hk\u00f6postia osoitteeseen&nbsp;<a href=\"mailto:leipomomyymala@pullapirtti.com\">leipomomyymala@pullapirtti.com<\/a>&nbsp;(kanta-asiakastietoihin liittyen).<\/p>","protected":false},"excerpt":{"rendered":"<p>Lyhyesti Pulla-Pirtti Oy on sitoutunut suojaamaan yksityisyytt\u00e4si henkil\u00f6tietolain (523\/1999), EU:n tietosuoja-asetuksen GDPR:n (General Data Protection Regulation) sek\u00e4 muun soveltuvan lains\u00e4\u00e4d\u00e4nn\u00f6n mukaisesti. T\u00e4m\u00e4n tietosuojalausunnon tarkoituksena on kuvata Sinulle miten ker\u00e4\u00e4mme ja millaista tietoa ker\u00e4\u00e4mme asiakkaistamme ja mihin k\u00e4yt\u00e4mme n\u00e4it\u00e4 ker\u00e4\u00e4mi\u00e4mme tietoja. Pulla-Pirtti Oy k\u00e4sittelee tietojasi yrityksen sis\u00e4ll\u00e4. Tietojasi ei luovuteta kolmansille osapuolille eik\u00e4 niit\u00e4 siirret\u00e4 EU:n [&hellip;]<\/p>\n","protected":false},"author":7,"featured_media":0,"parent":0,"menu_order":0,"comment_status":"closed","ping_status":"closed","template":"","meta":{"_improvement_type_select":"improve_an_existing","_thumb_yes_seoaic":false,"_frame_yes_seoaic":false,"seoaic_generate_description":"","seoaic_improve_instructions_prompt":"","seoaic_rollback_content_improvement":"","seoaic_idea_thumbnail_generator":"","thumbnail_generated":false,"thumbnail_generate_prompt":"","seoaic_article_description":"","iawp_total_views":39,"footnotes":""},"class_list":["post-387","page","type-page","status-publish","hentry"],"_links":{"self":[{"href":"https:\/\/pullapirtti.fi\/en\/wp-json\/wp\/v2\/pages\/387","targetHints":{"allow":["GET"]}}],"collection":[{"href":"https:\/\/pullapirtti.fi\/en\/wp-json\/wp\/v2\/pages"}],"about":[{"href":"https:\/\/pullapirtti.fi\/en\/wp-json\/wp\/v2\/types\/page"}],"author":[{"embeddable":true,"href":"https:\/\/pullapirtti.fi\/en\/wp-json\/wp\/v2\/users\/7"}],"replies":[{"embeddable":true,"href":"https:\/\/pullapirtti.fi\/en\/wp-json\/wp\/v2\/comments?post=387"}],"version-history":[{"count":0,"href":"https:\/\/pullapirtti.fi\/en\/wp-json\/wp\/v2\/pages\/387\/revisions"}],"wp:attachment":[{"href":"https:\/\/pullapirtti.fi\/en\/wp-json\/wp\/v2\/media?parent=387"}],"curies":[{"name":"wp","href":"https:\/\/api.w.org\/{rel}","templated":true}]}}