{"id":3310,"date":"2024-10-09T07:48:12","date_gmt":"2024-10-09T04:48:12","guid":{"rendered":"https:\/\/pullapirtti.fi\/?page_id=3310"},"modified":"2025-01-09T15:34:39","modified_gmt":"2025-01-09T13:34:39","slug":"avoimettyopaikat","status":"publish","type":"page","link":"https:\/\/pullapirtti.fi\/en\/avoimettyopaikat\/","title":{"rendered":"Avoimet ty\u00f6paikat"},"content":{"rendered":"<div data-elementor-type=\"wp-page\" data-elementor-id=\"3310\" class=\"elementor elementor-3310\" data-elementor-post-type=\"page\">\n\t\t\t\t<div class=\"elementor-element elementor-element-2490ce5 e-flex e-con-boxed e-con e-parent\" data-id=\"2490ce5\" data-element_type=\"container\" data-e-type=\"container\" data-settings=\"{&quot;jet_parallax_layout_list&quot;:[]}\">\n\t\t\t\t\t<div class=\"e-con-inner\">\n\t\t\t\t<div class=\"elementor-element elementor-element-7aedaee jet-breadcrumbs-align-left elementor-widget elementor-widget-jet-breadcrumbs\" data-id=\"7aedaee\" data-element_type=\"widget\" data-e-type=\"widget\" data-widget_type=\"jet-breadcrumbs.default\">\n\t\t\t\t<div class=\"elementor-widget-container\">\n\t\t\t\t\t<div class=\"elementor-jet-breadcrumbs jet-blocks\">\n\t\t<div class=\"jet-breadcrumbs\">\n\t\t<div class=\"jet-breadcrumbs__content\">\n\t\t<div class=\"jet-breadcrumbs__wrap\"><div class=\"jet-breadcrumbs__item\"><a href=\"https:\/\/pullapirtti.fi\/en\/\" class=\"jet-breadcrumbs__item-link is-home\" rel=\"home\" title=\"Etusivu\">Etusivu<\/a><\/div>\n\t\t<\/div>\n\t\t<\/div>\n\t\t<\/div><\/div>\t\t\t\t<\/div>\n\t\t\t\t<\/div>\n\t\t\t\t\t<\/div>\n\t\t\t\t<\/div>\n\t\t<div class=\"elementor-element elementor-element-d835645 e-con-full e-flex e-con e-parent\" data-id=\"d835645\" data-element_type=\"container\" data-e-type=\"container\" data-settings=\"{&quot;background_background&quot;:&quot;classic&quot;,&quot;jet_parallax_layout_list&quot;:[]}\">\n\t\t<div class=\"elementor-element elementor-element-5eacf0f e-flex e-con-boxed e-con e-child\" data-id=\"5eacf0f\" data-element_type=\"container\" data-e-type=\"container\" data-settings=\"{&quot;jet_parallax_layout_list&quot;:[]}\">\n\t\t\t\t\t<div class=\"e-con-inner\">\n\t\t\t\t<div class=\"elementor-element elementor-element-ecedf53 elementor-widget__width-initial elementor-widget-mobile__width-inherit elementor-widget elementor-widget-heading\" data-id=\"ecedf53\" data-element_type=\"widget\" data-e-type=\"widget\" data-widget_type=\"heading.default\">\n\t\t\t\t<div class=\"elementor-widget-container\">\n\t\t\t\t\t<h2 class=\"elementor-heading-title elementor-size-default\">Kiinnostaako Pulla-Pirtti ty\u00f6paikkana?<\/h2>\t\t\t\t<\/div>\n\t\t\t\t<\/div>\n\t\t\t\t<div class=\"elementor-element elementor-element-a138976 elementor-widget elementor-widget-text-editor\" data-id=\"a138976\" data-element_type=\"widget\" data-e-type=\"widget\" data-widget_type=\"text-editor.default\">\n\t\t\t\t<div class=\"elementor-widget-container\">\n\t\t\t\t\t\t\t\t\t<p>Pulla-Pirtti on vuonna 1958 perustettu perheyritys, joka valmistaa leipomo- ja konditoriatuotteita Oulussa ja Raahessa. Laatutietoisuus ja paikalliset raaka-aineet siivitt\u00e4v\u00e4t tuotteemme l\u00e4hes valtakunnalliseen jakeluun. Tavoitteenamme on olla alueemme t\u00e4rkein leipomo asiakkaillemme.<\/p>\t\t\t\t\t\t\t\t<\/div>\n\t\t\t\t<\/div>\n\t\t\t\t\t<\/div>\n\t\t\t\t<\/div>\n\t\t\t\t<\/div>\n\t\t<div class=\"elementor-element elementor-element-89cbb46 e-flex e-con-boxed e-con e-parent\" data-id=\"89cbb46\" data-element_type=\"container\" data-e-type=\"container\" data-settings=\"{&quot;jet_parallax_layout_list&quot;:[]}\">\n\t\t\t\t\t<div class=\"e-con-inner\">\n\t\t<div class=\"elementor-element elementor-element-014e3fd e-con-full e-flex e-con e-child\" data-id=\"014e3fd\" data-element_type=\"container\" data-e-type=\"container\" data-settings=\"{&quot;background_background&quot;:&quot;classic&quot;,&quot;jet_parallax_layout_list&quot;:[]}\">\n\t\t<div class=\"elementor-element elementor-element-e0e2244 e-con-full e-flex e-con e-child\" data-id=\"e0e2244\" data-element_type=\"container\" data-e-type=\"container\" data-settings=\"{&quot;jet_parallax_layout_list&quot;:[]}\">\n\t\t\t\t<div class=\"elementor-element elementor-element-db743a0 elementor-widget elementor-widget-heading\" data-id=\"db743a0\" data-element_type=\"widget\" data-e-type=\"widget\" data-widget_type=\"heading.default\">\n\t\t\t\t<div class=\"elementor-widget-container\">\n\t\t\t\t\t<h2 class=\"elementor-heading-title elementor-size-default\">Avoimet ty\u00f6hakemukset<\/h2>\t\t\t\t<\/div>\n\t\t\t\t<\/div>\n\t\t\t\t<div class=\"elementor-element elementor-element-40fd0e8 elementor-widget elementor-widget-text-editor\" data-id=\"40fd0e8\" data-element_type=\"widget\" data-e-type=\"widget\" data-widget_type=\"text-editor.default\">\n\t\t\t\t<div class=\"elementor-widget-container\">\n\t\t\t\t\t\t\t\t\t<p>L\u00e4het\u00e4 avoin hakemus osoitteeseen jussi.paakkonen@pullapirtti.com ja kerro itsest\u00e4si!\u00a0 Mik\u00e4li haluat, ett\u00e4 voimme s\u00e4ilytt\u00e4\u00e4 ty\u00f6hakemuksesi tulevaisuuden varalle, lis\u00e4\u00e4th\u00e4n hakemukseen tekstin:<\/p><p>&#8221;Ty\u00f6hakemukseni saa s\u00e4ilytt\u00e4\u00e4 avointen ty\u00f6hakemusten rekisteriss\u00e4.&#8221;\u2028 \u2028<\/p><p>Mik\u00e4li halaut tutustua tietosuojalausekkeeseen tarkemmin, l\u00f6yd\u00e4t sen sivun alaosasta.\u00a0<\/p><p>Hakemus on mahdollista l\u00e4hett\u00e4\u00e4 my\u00f6s kuluttajapalvelu-v\u00e4lilehdelt\u00e4 l\u00f6ytyv\u00e4n <a href=\"\/en\/kuluttajapalvelu\/\">lomakkeen<\/a> kautta.\u00a0<\/p>\t\t\t\t\t\t\t\t<\/div>\n\t\t\t\t<\/div>\n\t\t\t\t<div class=\"elementor-element elementor-element-c8701bd elementor-align-left elementor-widget elementor-widget-button\" data-id=\"c8701bd\" data-element_type=\"widget\" data-e-type=\"widget\" data-widget_type=\"button.default\">\n\t\t\t\t<div class=\"elementor-widget-container\">\n\t\t\t\t\t\t\t\t\t<div class=\"elementor-button-wrapper\">\n\t\t\t\t\t<a class=\"elementor-button elementor-button-link elementor-size-sm elementor-animation-shrink\" href=\"mailto:jussi.paakkonen@pullapirtti.com\">\n\t\t\t\t\t\t<span class=\"elementor-button-content-wrapper\">\n\t\t\t\t\t\t\t\t\t<span class=\"elementor-button-text\">jussi.paakkonen@pullapirtti.com<\/span>\n\t\t\t\t\t<\/span>\n\t\t\t\t\t<\/a>\n\t\t\t\t<\/div>\n\t\t\t\t\t\t\t\t<\/div>\n\t\t\t\t<\/div>\n\t\t\t\t<div class=\"elementor-element elementor-element-75c30b2 elementor-widget elementor-widget-heading\" data-id=\"75c30b2\" data-element_type=\"widget\" data-e-type=\"widget\" data-widget_type=\"heading.default\">\n\t\t\t\t<div class=\"elementor-widget-container\">\n\t\t\t\t\t<h2 class=\"elementor-heading-title elementor-size-default\">Avoimet ty\u00f6paikat<\/h2>\t\t\t\t<\/div>\n\t\t\t\t<\/div>\n\t\t\t\t<div class=\"elementor-element elementor-element-cf9deb6 elementor-widget elementor-widget-n-accordion\" data-id=\"cf9deb6\" data-element_type=\"widget\" data-e-type=\"widget\" data-settings=\"{&quot;default_state&quot;:&quot;all_collapsed&quot;,&quot;max_items_expended&quot;:&quot;one&quot;,&quot;n_accordion_animation_duration&quot;:{&quot;unit&quot;:&quot;ms&quot;,&quot;size&quot;:400,&quot;sizes&quot;:[]}}\" data-widget_type=\"nested-accordion.default\">\n\t\t\t\t<div class=\"elementor-widget-container\">\n\t\t\t\t\t\t\t<div class=\"e-n-accordion\" aria-label=\"Accordion. Open links with Enter or Space, close with Escape, and navigate with Arrow Keys\">\n\t\t\t\t\t\t<details id=\"e-n-accordion-item-2170\" class=\"e-n-accordion-item\" >\n\t\t\t\t<summary class=\"e-n-accordion-item-title\" data-accordion-index=\"1\" tabindex=\"0\" aria-expanded=\"false\" aria-controls=\"e-n-accordion-item-2170\" >\n\t\t\t\t\t<span class='e-n-accordion-item-title-header'><div class=\"e-n-accordion-item-title-text\"> Avoin hakemus <\/div><\/span>\n\t\t\t\t\t\t\t<span class='e-n-accordion-item-title-icon'>\n\t\t\t<span class='e-opened' ><i aria-hidden=\"true\" class=\"fas fa-angle-up\"><\/i><\/span>\n\t\t\t<span class='e-closed'><i aria-hidden=\"true\" class=\"fas fa-angle-down\"><\/i><\/span>\n\t\t<\/span>\n\n\t\t\t\t\t\t<\/summary>\n\t\t\t\t<div role=\"region\" aria-labelledby=\"e-n-accordion-item-2170\" class=\"elementor-element elementor-element-0ecf072 e-con-full e-flex e-con e-child\" data-id=\"0ecf072\" data-element_type=\"container\" data-e-type=\"container\" data-settings=\"{&quot;jet_parallax_layout_list&quot;:[]}\">\n\t\t\t\t<div class=\"elementor-element elementor-element-bc7ca0a elementor-widget elementor-widget-text-editor\" data-id=\"bc7ca0a\" data-element_type=\"widget\" data-e-type=\"widget\" data-widget_type=\"text-editor.default\">\n\t\t\t\t<div class=\"elementor-widget-container\">\n\t\t\t\t\t\t\t\t\t<p>T\u00e4ll\u00e4 hetkell\u00e4 meill\u00e4 ei valitettavasti ole avoimia ty\u00f6paikkoja, mutta j\u00e4t\u00e4 toki avoin hakemus <a href=\"https:\/\/pullapirtti.fi\/en\/kuluttajapalvelu\/\">https:\/\/pullapirtti.fi\/kuluttajapalvelu\/ <\/a>ja kerro lis\u00e4\u00e4 itsest\u00e4si!<\/p>\t\t\t\t\t\t\t\t<\/div>\n\t\t\t\t<\/div>\n\t\t\t\t<\/div>\n\t\t\t\t\t<\/details>\n\t\t\t\t\t<\/div>\n\t\t\t\t\t\t<\/div>\n\t\t\t\t<\/div>\n\t\t\t\t<\/div>\n\t\t<div class=\"elementor-element elementor-element-9718bc3 e-con-full e-flex e-con e-child\" data-id=\"9718bc3\" data-element_type=\"container\" data-e-type=\"container\" data-settings=\"{&quot;background_background&quot;:&quot;classic&quot;,&quot;jet_parallax_layout_list&quot;:[]}\">\n\t\t\t\t<\/div>\n\t\t\t\t<\/div>\n\t\t\t\t\t<\/div>\n\t\t\t\t<\/div>\n\t\t\t\t<\/div>","protected":false},"excerpt":{"rendered":"<p>Etusivu Kiinnostaako Pulla-Pirtti ty\u00f6paikkana? Pulla-Pirtti on vuonna 1958 perustettu perheyritys, joka valmistaa leipomo- ja konditoriatuotteita Oulussa ja Raahessa. Laatutietoisuus ja paikalliset raaka-aineet siivitt\u00e4v\u00e4t tuotteemme l\u00e4hes valtakunnalliseen jakeluun. Tavoitteenamme on olla alueemme t\u00e4rkein leipomo asiakkaillemme. Avoimet ty\u00f6hakemukset L\u00e4het\u00e4 avoin hakemus osoitteeseen jussi.paakkonen@pullapirtti.com ja kerro itsest\u00e4si!\u00a0 Mik\u00e4li haluat, ett\u00e4 voimme s\u00e4ilytt\u00e4\u00e4 ty\u00f6hakemuksesi tulevaisuuden varalle, lis\u00e4\u00e4th\u00e4n hakemukseen tekstin: [&hellip;]<\/p>\n","protected":false},"author":7,"featured_media":0,"parent":0,"menu_order":0,"comment_status":"closed","ping_status":"closed","template":"","meta":{"_improvement_type_select":"improve_an_existing","_thumb_yes_seoaic":false,"_frame_yes_seoaic":false,"seoaic_generate_description":"","seoaic_improve_instructions_prompt":"","seoaic_rollback_content_improvement":"","seoaic_idea_thumbnail_generator":"","thumbnail_generated":false,"thumbnail_generate_prompt":"","seoaic_article_description":"","iawp_total_views":1773,"footnotes":""},"class_list":["post-3310","page","type-page","status-publish","hentry"],"_links":{"self":[{"href":"https:\/\/pullapirtti.fi\/en\/wp-json\/wp\/v2\/pages\/3310","targetHints":{"allow":["GET"]}}],"collection":[{"href":"https:\/\/pullapirtti.fi\/en\/wp-json\/wp\/v2\/pages"}],"about":[{"href":"https:\/\/pullapirtti.fi\/en\/wp-json\/wp\/v2\/types\/page"}],"author":[{"embeddable":true,"href":"https:\/\/pullapirtti.fi\/en\/wp-json\/wp\/v2\/users\/7"}],"replies":[{"embeddable":true,"href":"https:\/\/pullapirtti.fi\/en\/wp-json\/wp\/v2\/comments?post=3310"}],"version-history":[{"count":0,"href":"https:\/\/pullapirtti.fi\/en\/wp-json\/wp\/v2\/pages\/3310\/revisions"}],"wp:attachment":[{"href":"https:\/\/pullapirtti.fi\/en\/wp-json\/wp\/v2\/media?parent=3310"}],"curies":[{"name":"wp","href":"https:\/\/api.w.org\/{rel}","templated":true}]}}