{"id":3267,"date":"2024-10-08T15:16:20","date_gmt":"2024-10-08T12:16:20","guid":{"rendered":"https:\/\/pullapirtti.fi\/?page_id=3267"},"modified":"2024-11-20T12:55:24","modified_gmt":"2024-11-20T10:55:24","slug":"visio-ja-arvot","status":"publish","type":"page","link":"https:\/\/pullapirtti.fi\/en\/visio-ja-arvot\/","title":{"rendered":"Visio ja arvot"},"content":{"rendered":"<div data-elementor-type=\"wp-page\" data-elementor-id=\"3267\" class=\"elementor elementor-3267\" data-elementor-post-type=\"page\">\n\t\t\t\t<div class=\"elementor-element elementor-element-c744637 e-flex e-con-boxed e-con e-parent\" data-id=\"c744637\" data-element_type=\"container\" data-e-type=\"container\" data-settings=\"{&quot;jet_parallax_layout_list&quot;:[]}\">\n\t\t\t\t\t<div class=\"e-con-inner\">\n\t\t<div class=\"elementor-element elementor-element-5a68aa3 e-con-full e-flex e-con e-child\" data-id=\"5a68aa3\" data-element_type=\"container\" data-e-type=\"container\" data-settings=\"{&quot;jet_parallax_layout_list&quot;:[]}\">\n\t\t\t\t<div class=\"elementor-element elementor-element-72943f2 jet-breadcrumbs-align-left elementor-widget elementor-widget-jet-breadcrumbs\" data-id=\"72943f2\" data-element_type=\"widget\" data-e-type=\"widget\" data-widget_type=\"jet-breadcrumbs.default\">\n\t\t\t\t<div class=\"elementor-widget-container\">\n\t\t\t\t\t<div class=\"elementor-jet-breadcrumbs jet-blocks\">\n\t\t<div class=\"jet-breadcrumbs\">\n\t\t<div class=\"jet-breadcrumbs__content\">\n\t\t<div class=\"jet-breadcrumbs__wrap\"><div class=\"jet-breadcrumbs__item\"><a href=\"https:\/\/pullapirtti.fi\/en\/\" class=\"jet-breadcrumbs__item-link is-home\" rel=\"home\" title=\"Etusivu\">Etusivu<\/a><\/div>\n\t\t<\/div>\n\t\t<\/div>\n\t\t<\/div><\/div>\t\t\t\t<\/div>\n\t\t\t\t<\/div>\n\t\t\t\t<\/div>\n\t\t\t\t<div class=\"elementor-element elementor-element-ce1d70b elementor-widget__width-initial elementor-widget-mobile__width-inherit elementor-widget elementor-widget-heading\" data-id=\"ce1d70b\" data-element_type=\"widget\" data-e-type=\"widget\" data-widget_type=\"heading.default\">\n\t\t\t\t<div class=\"elementor-widget-container\">\n\t\t\t\t\t<h2 class=\"elementor-heading-title elementor-size-default\">Pulla-Pirtti\u00a0-<br>\nVastuullisesti yhdess\u00e4, laadukkaasti ja taidolla sinua varten<\/h2>\t\t\t\t<\/div>\n\t\t\t\t<\/div>\n\t\t\t\t\t<\/div>\n\t\t\t\t<\/div>\n\t\t<div class=\"elementor-element elementor-element-760b3a0 e-flex e-con-boxed e-con e-parent\" data-id=\"760b3a0\" data-element_type=\"container\" data-e-type=\"container\" id=\"arvomme\" data-settings=\"{&quot;background_background&quot;:&quot;gradient&quot;,&quot;jet_parallax_layout_list&quot;:[]}\">\n\t\t\t\t\t<div class=\"e-con-inner\">\n\t\t<div class=\"elementor-element elementor-element-5135adb e-con-full e-flex e-con e-child\" data-id=\"5135adb\" data-element_type=\"container\" data-e-type=\"container\" data-settings=\"{&quot;jet_parallax_layout_list&quot;:[]}\">\n\t\t<div class=\"elementor-element elementor-element-b25c8a4 e-con-full e-flex e-con e-child\" data-id=\"b25c8a4\" data-element_type=\"container\" data-e-type=\"container\" data-settings=\"{&quot;background_background&quot;:&quot;classic&quot;,&quot;jet_parallax_layout_list&quot;:[]}\">\n\t\t\t\t<div class=\"elementor-element elementor-element-ac0f752 elementor-view-default elementor-position-block-start elementor-mobile-position-block-start elementor-widget elementor-widget-icon-box\" data-id=\"ac0f752\" data-element_type=\"widget\" data-e-type=\"widget\" data-widget_type=\"icon-box.default\">\n\t\t\t\t<div class=\"elementor-widget-container\">\n\t\t\t\t\t\t\t<div class=\"elementor-icon-box-wrapper\">\n\n\t\t\t\t\t\t<div class=\"elementor-icon-box-icon\">\n\t\t\t\t<span  class=\"elementor-icon\">\n\t\t\t\t<svg xmlns=\"http:\/\/www.w3.org\/2000\/svg\" width=\"88\" height=\"88\" viewbox=\"0 0 88 88\" fill=\"none\"><circle cx=\"44\" cy=\"44\" r=\"44\" fill=\"#BA8E4D\"><\/circle><path d=\"M60.7692 52.125L55.1067 46.4609L49.4098 27.6656C49.2479 27.1304 48.9565 26.6434 48.5614 26.2478C48.1663 25.8521 47.6798 25.56 47.1448 25.3973C46.6099 25.2346 46.0431 25.2063 45.4946 25.315C44.9461 25.4236 44.4329 25.6659 44.0004 26.0203C43.5679 25.6659 43.0547 25.4236 42.5062 25.315C41.9578 25.2063 41.3909 25.2346 40.856 25.3973C40.321 25.56 39.8345 25.8521 39.4394 26.2478C39.0443 26.6434 38.7529 27.1304 38.591 27.6656L32.8942 46.4625L27.2317 52.125C26.7632 52.5938 26.5 53.2294 26.5 53.8922C26.5 54.555 26.7632 55.1906 27.2317 55.6594L32.3395 60.7672C32.5716 60.9994 32.8472 61.1836 33.1506 61.3093C33.4539 61.4349 33.7791 61.4996 34.1074 61.4996C34.4358 61.4996 34.7609 61.4349 35.0643 61.3093C35.3676 61.1836 35.6433 60.9994 35.8754 60.7672L43.4192 53.2188C43.6282 53.009 43.8224 52.785 44.0004 52.5484C44.1784 52.785 44.3726 53.009 44.5817 53.2188L52.1254 60.7688C52.3576 61.001 52.6332 61.1852 52.9365 61.3108C53.2399 61.4365 53.565 61.5012 53.8934 61.5012C54.2217 61.5012 54.5469 61.4365 54.8502 61.3108C55.1536 61.1852 55.4292 61.001 55.6613 60.7688L60.7692 55.6609C61.0014 55.4288 61.1856 55.1532 61.3112 54.8498C61.4369 54.5465 61.5016 54.2213 61.5016 53.893C61.5016 53.5646 61.4369 53.2395 61.3112 52.9361C61.1856 52.6328 61.0014 52.3572 60.7692 52.125ZM42.7504 48.8047C42.7529 49.2978 42.6575 49.7865 42.4698 50.2424C42.282 50.6984 42.0056 51.1126 41.6567 51.4609L37.8567 55.25L32.7504 50.1438L34.8832 48.0094C35.0288 47.8638 35.1361 47.6845 35.1957 47.4875L40.977 28.3906C41.0356 28.1781 41.1699 27.9944 41.3547 27.8741C41.5394 27.7538 41.7617 27.7052 41.9798 27.7375C42.1979 27.7698 42.3966 27.8807 42.5385 28.0493C42.6805 28.218 42.7558 28.4328 42.7504 28.6531V48.8047ZM50.1629 55.2703L46.3442 51.4563C45.9952 51.1079 45.7188 50.6937 45.531 50.2378C45.3433 49.7818 45.2479 49.2931 45.2504 48.8V28.6438C45.2505 28.4273 45.3283 28.218 45.4697 28.0541C45.6111 27.8902 45.8067 27.7825 46.0208 27.7507C46.235 27.7189 46.4534 27.765 46.6364 27.8808C46.8193 27.9965 46.9546 28.1741 47.0176 28.3813L52.7988 47.4781C52.8584 47.6752 52.9658 47.8544 53.1113 48L55.3754 50.2641L50.1629 55.2703Z\" fill=\"white\"><\/path><\/svg>\t\t\t\t<\/span>\n\t\t\t<\/div>\n\t\t\t\n\t\t\t\t\t\t<div class=\"elementor-icon-box-content\">\n\n\t\t\t\t\t\t\t\t\t<h3 class=\"elementor-icon-box-title\">\n\t\t\t\t\t\t<span  >\n\t\t\t\t\t\t\tResponsibly Together\t\t\t\t\t\t<\/span>\n\t\t\t\t\t<\/h3>\n\t\t\t\t\n\t\t\t\t\t\t\t\t\t<p class=\"elementor-icon-box-description\">\n\t\t\t\t\t\t\u00a0Kannamme yhdess\u00e4 vastuun yhteis\u00f6mme  hyvinvoinnista. Pyrimme l\u00f6yt\u00e4m\u00e4\u00e4n entist\u00e4 parempia vaihtoehtoja  ymp\u00e4rist\u00f6mme kannalta sek\u00e4 pit\u00e4m\u00e4\u00e4n yhdess\u00e4 huolta hyvinvoivasta  ty\u00f6yhteis\u00f6st\u00e4. Vastuullisuus on l\u00e4sn\u00e4 tuotteissamme aina  tuotekehityksest\u00e4 valmiiseen tuotteeseen asti. Seisomme aina tuotteidemme takana.\t\t\t\t\t<\/p>\n\t\t\t\t\n\t\t\t<\/div>\n\t\t\t\n\t\t<\/div>\n\t\t\t\t\t\t<\/div>\n\t\t\t\t<\/div>\n\t\t\t\t<\/div>\n\t\t<div class=\"elementor-element elementor-element-cb3f0f2 e-con-full e-flex e-con e-child\" data-id=\"cb3f0f2\" data-element_type=\"container\" data-e-type=\"container\" data-settings=\"{&quot;background_background&quot;:&quot;classic&quot;,&quot;jet_parallax_layout_list&quot;:[]}\">\n\t\t\t\t<div class=\"elementor-element elementor-element-33ac181 elementor-view-default elementor-position-block-start elementor-mobile-position-block-start elementor-widget elementor-widget-icon-box\" data-id=\"33ac181\" data-element_type=\"widget\" data-e-type=\"widget\" data-widget_type=\"icon-box.default\">\n\t\t\t\t<div class=\"elementor-widget-container\">\n\t\t\t\t\t\t\t<div class=\"elementor-icon-box-wrapper\">\n\n\t\t\t\t\t\t<div class=\"elementor-icon-box-icon\">\n\t\t\t\t<span  class=\"elementor-icon\">\n\t\t\t\t<svg xmlns=\"http:\/\/www.w3.org\/2000\/svg\" width=\"88\" height=\"88\" viewbox=\"0 0 88 88\" fill=\"none\"><circle cx=\"44\" cy=\"44\" r=\"44\" fill=\"#BA8E4D\"><\/circle><path d=\"M60.7692 52.125L55.1067 46.4609L49.4098 27.6656C49.2479 27.1304 48.9565 26.6434 48.5614 26.2478C48.1663 25.8521 47.6798 25.56 47.1448 25.3973C46.6099 25.2346 46.0431 25.2063 45.4946 25.315C44.9461 25.4236 44.4329 25.6659 44.0004 26.0203C43.5679 25.6659 43.0547 25.4236 42.5062 25.315C41.9578 25.2063 41.3909 25.2346 40.856 25.3973C40.321 25.56 39.8345 25.8521 39.4394 26.2478C39.0443 26.6434 38.7529 27.1304 38.591 27.6656L32.8942 46.4625L27.2317 52.125C26.7632 52.5938 26.5 53.2294 26.5 53.8922C26.5 54.555 26.7632 55.1906 27.2317 55.6594L32.3395 60.7672C32.5716 60.9994 32.8472 61.1836 33.1506 61.3093C33.4539 61.4349 33.7791 61.4996 34.1074 61.4996C34.4358 61.4996 34.7609 61.4349 35.0643 61.3093C35.3676 61.1836 35.6433 60.9994 35.8754 60.7672L43.4192 53.2188C43.6282 53.009 43.8224 52.785 44.0004 52.5484C44.1784 52.785 44.3726 53.009 44.5817 53.2188L52.1254 60.7688C52.3576 61.001 52.6332 61.1852 52.9365 61.3108C53.2399 61.4365 53.565 61.5012 53.8934 61.5012C54.2217 61.5012 54.5469 61.4365 54.8502 61.3108C55.1536 61.1852 55.4292 61.001 55.6613 60.7688L60.7692 55.6609C61.0014 55.4288 61.1856 55.1532 61.3112 54.8498C61.4369 54.5465 61.5016 54.2213 61.5016 53.893C61.5016 53.5646 61.4369 53.2395 61.3112 52.9361C61.1856 52.6328 61.0014 52.3572 60.7692 52.125ZM42.7504 48.8047C42.7529 49.2978 42.6575 49.7865 42.4698 50.2424C42.282 50.6984 42.0056 51.1126 41.6567 51.4609L37.8567 55.25L32.7504 50.1438L34.8832 48.0094C35.0288 47.8638 35.1361 47.6845 35.1957 47.4875L40.977 28.3906C41.0356 28.1781 41.1699 27.9944 41.3547 27.8741C41.5394 27.7538 41.7617 27.7052 41.9798 27.7375C42.1979 27.7698 42.3966 27.8807 42.5385 28.0493C42.6805 28.218 42.7558 28.4328 42.7504 28.6531V48.8047ZM50.1629 55.2703L46.3442 51.4563C45.9952 51.1079 45.7188 50.6937 45.531 50.2378C45.3433 49.7818 45.2479 49.2931 45.2504 48.8V28.6438C45.2505 28.4273 45.3283 28.218 45.4697 28.0541C45.6111 27.8902 45.8067 27.7825 46.0208 27.7507C46.235 27.7189 46.4534 27.765 46.6364 27.8808C46.8193 27.9965 46.9546 28.1741 47.0176 28.3813L52.7988 47.4781C52.8584 47.6752 52.9658 47.8544 53.1113 48L55.3754 50.2641L50.1629 55.2703Z\" fill=\"white\"><\/path><\/svg>\t\t\t\t<\/span>\n\t\t\t<\/div>\n\t\t\t\n\t\t\t\t\t\t<div class=\"elementor-icon-box-content\">\n\n\t\t\t\t\t\t\t\t\t<h3 class=\"elementor-icon-box-title\">\n\t\t\t\t\t\t<span  >\n\t\t\t\t\t\t\tHigh Quality with Skill\t\t\t\t\t\t<\/span>\n\t\t\t\t\t<\/h3>\n\t\t\t\t\n\t\t\t\t\t\t\t\t\t<p class=\"elementor-icon-box-description\">\n\t\t\t\t\t\tValmistamme kaikki tuotteemme ammattitaidolla ja -ylpeydell\u00e4. Panostamme tuotteidemme korkeaan laatuun ja tuoteturvallisuuteen. Vaadimme itselt\u00e4mme korkeaa suorituskyky\u00e4, joka heijastuu saavuttamillamme sertifikaateilla. Pyrimme pysym\u00e4\u00e4n ajanhermolla niin henkil\u00f6st\u00f6n koulutuksen suhteen kuin tuotekehityksess\u00e4.\n\nRehellisesti laadukasta, kuin itselle tekisi.\t\t\t\t\t<\/p>\n\t\t\t\t\n\t\t\t<\/div>\n\t\t\t\n\t\t<\/div>\n\t\t\t\t\t\t<\/div>\n\t\t\t\t<\/div>\n\t\t\t\t<\/div>\n\t\t<div class=\"elementor-element elementor-element-3065110 e-con-full e-flex e-con e-child\" data-id=\"3065110\" data-element_type=\"container\" data-e-type=\"container\" data-settings=\"{&quot;background_background&quot;:&quot;classic&quot;,&quot;jet_parallax_layout_list&quot;:[]}\">\n\t\t\t\t<div class=\"elementor-element elementor-element-ab3b6d0 elementor-view-default elementor-position-block-start elementor-mobile-position-block-start elementor-widget elementor-widget-icon-box\" data-id=\"ab3b6d0\" data-element_type=\"widget\" data-e-type=\"widget\" data-widget_type=\"icon-box.default\">\n\t\t\t\t<div class=\"elementor-widget-container\">\n\t\t\t\t\t\t\t<div class=\"elementor-icon-box-wrapper\">\n\n\t\t\t\t\t\t<div class=\"elementor-icon-box-icon\">\n\t\t\t\t<span  class=\"elementor-icon\">\n\t\t\t\t<svg xmlns=\"http:\/\/www.w3.org\/2000\/svg\" width=\"88\" height=\"88\" viewbox=\"0 0 88 88\" fill=\"none\"><circle cx=\"44\" cy=\"44\" r=\"44\" fill=\"#BA8E4D\"><\/circle><path d=\"M60.7692 52.125L55.1067 46.4609L49.4098 27.6656C49.2479 27.1304 48.9565 26.6434 48.5614 26.2478C48.1663 25.8521 47.6798 25.56 47.1448 25.3973C46.6099 25.2346 46.0431 25.2063 45.4946 25.315C44.9461 25.4236 44.4329 25.6659 44.0004 26.0203C43.5679 25.6659 43.0547 25.4236 42.5062 25.315C41.9578 25.2063 41.3909 25.2346 40.856 25.3973C40.321 25.56 39.8345 25.8521 39.4394 26.2478C39.0443 26.6434 38.7529 27.1304 38.591 27.6656L32.8942 46.4625L27.2317 52.125C26.7632 52.5938 26.5 53.2294 26.5 53.8922C26.5 54.555 26.7632 55.1906 27.2317 55.6594L32.3395 60.7672C32.5716 60.9994 32.8472 61.1836 33.1506 61.3093C33.4539 61.4349 33.7791 61.4996 34.1074 61.4996C34.4358 61.4996 34.7609 61.4349 35.0643 61.3093C35.3676 61.1836 35.6433 60.9994 35.8754 60.7672L43.4192 53.2188C43.6282 53.009 43.8224 52.785 44.0004 52.5484C44.1784 52.785 44.3726 53.009 44.5817 53.2188L52.1254 60.7688C52.3576 61.001 52.6332 61.1852 52.9365 61.3108C53.2399 61.4365 53.565 61.5012 53.8934 61.5012C54.2217 61.5012 54.5469 61.4365 54.8502 61.3108C55.1536 61.1852 55.4292 61.001 55.6613 60.7688L60.7692 55.6609C61.0014 55.4288 61.1856 55.1532 61.3112 54.8498C61.4369 54.5465 61.5016 54.2213 61.5016 53.893C61.5016 53.5646 61.4369 53.2395 61.3112 52.9361C61.1856 52.6328 61.0014 52.3572 60.7692 52.125ZM42.7504 48.8047C42.7529 49.2978 42.6575 49.7865 42.4698 50.2424C42.282 50.6984 42.0056 51.1126 41.6567 51.4609L37.8567 55.25L32.7504 50.1438L34.8832 48.0094C35.0288 47.8638 35.1361 47.6845 35.1957 47.4875L40.977 28.3906C41.0356 28.1781 41.1699 27.9944 41.3547 27.8741C41.5394 27.7538 41.7617 27.7052 41.9798 27.7375C42.1979 27.7698 42.3966 27.8807 42.5385 28.0493C42.6805 28.218 42.7558 28.4328 42.7504 28.6531V48.8047ZM50.1629 55.2703L46.3442 51.4563C45.9952 51.1079 45.7188 50.6937 45.531 50.2378C45.3433 49.7818 45.2479 49.2931 45.2504 48.8V28.6438C45.2505 28.4273 45.3283 28.218 45.4697 28.0541C45.6111 27.8902 45.8067 27.7825 46.0208 27.7507C46.235 27.7189 46.4534 27.765 46.6364 27.8808C46.8193 27.9965 46.9546 28.1741 47.0176 28.3813L52.7988 47.4781C52.8584 47.6752 52.9658 47.8544 53.1113 48L55.3754 50.2641L50.1629 55.2703Z\" fill=\"white\"><\/path><\/svg>\t\t\t\t<\/span>\n\t\t\t<\/div>\n\t\t\t\n\t\t\t\t\t\t<div class=\"elementor-icon-box-content\">\n\n\t\t\t\t\t\t\t\t\t<h3 class=\"elementor-icon-box-title\">\n\t\t\t\t\t\t<span  >\n\t\t\t\t\t\t\tFor You\t\t\t\t\t\t<\/span>\n\t\t\t\t\t<\/h3>\n\t\t\t\t\n\t\t\t\t\t\t\t\t\t<p class=\"elementor-icon-box-description\">\n\t\t\t\t\t\tIlman teit\u00e4, ei olisi meit\u00e4. Hyv\u00e4 asiakaspalvelu ja tyytyv\u00e4iset asiakkaat ovat meille kunnia-asia. Valmistamme kaikki tuotteemme juuri sinua varten, ihminen ihmiselle. Vahvuutemme on innovoida ja kehitt\u00e4\u00e4 kanssanne uusia tuotteita ketter\u00e4sti ja joustavasti,\n\njotta meill\u00e4 kaikilla olisi hyv\u00e4 olla.\t\t\t\t\t<\/p>\n\t\t\t\t\n\t\t\t<\/div>\n\t\t\t\n\t\t<\/div>\n\t\t\t\t\t\t<\/div>\n\t\t\t\t<\/div>\n\t\t\t\t<\/div>\n\t\t\t\t<\/div>\n\t\t\t\t\t<\/div>\n\t\t\t\t<\/div>\n\t\t<div class=\"elementor-element elementor-element-5964573 e-flex e-con-boxed e-con e-parent\" data-id=\"5964573\" data-element_type=\"container\" data-e-type=\"container\" data-settings=\"{&quot;background_background&quot;:&quot;classic&quot;,&quot;jet_parallax_layout_list&quot;:[]}\">\n\t\t\t\t\t<div class=\"e-con-inner\">\n\t\t\t\t<div class=\"elementor-element elementor-element-9d40cc9 elementor-view-default elementor-widget elementor-widget-icon\" data-id=\"9d40cc9\" data-element_type=\"widget\" data-e-type=\"widget\" data-widget_type=\"icon.default\">\n\t\t\t\t<div class=\"elementor-widget-container\">\n\t\t\t\t\t\t\t<div class=\"elementor-icon-wrapper\">\n\t\t\t<div class=\"elementor-icon\">\n\t\t\t<svg xmlns=\"http:\/\/www.w3.org\/2000\/svg\" width=\"160\" height=\"80\" viewbox=\"0 0 160 80\" fill=\"none\"><path fill-rule=\"evenodd\" clip-rule=\"evenodd\" d=\"M80 -6.99382e-06C80 44.1828 115.817 80 160 80L0 80C44.1828 80 80 44.1828 80 -6.99382e-06Z\" fill=\"#F3EADD\"><\/path><\/svg>\t\t\t<\/div>\n\t\t<\/div>\n\t\t\t\t\t\t<\/div>\n\t\t\t\t<\/div>\n\t\t<div class=\"elementor-element elementor-element-c6f5340 e-con-full e-flex e-con e-child\" data-id=\"c6f5340\" data-element_type=\"container\" data-e-type=\"container\" data-settings=\"{&quot;jet_parallax_layout_list&quot;:[]}\">\n\t\t<div class=\"elementor-element elementor-element-46dc0c3 e-con-full e-flex e-con e-child\" data-id=\"46dc0c3\" data-element_type=\"container\" data-e-type=\"container\" data-settings=\"{&quot;jet_parallax_layout_list&quot;:[]}\">\n\t\t<div class=\"elementor-element elementor-element-7a1ce3f e-con-full e-flex e-con e-child\" data-id=\"7a1ce3f\" data-element_type=\"container\" data-e-type=\"container\" data-settings=\"{&quot;background_background&quot;:&quot;classic&quot;,&quot;jet_parallax_layout_list&quot;:[]}\">\n\t\t\t\t<\/div>\n\t\t<div class=\"elementor-element elementor-element-f60482c e-con-full e-flex e-con e-child\" data-id=\"f60482c\" data-element_type=\"container\" data-e-type=\"container\" data-settings=\"{&quot;background_background&quot;:&quot;classic&quot;,&quot;jet_parallax_layout_list&quot;:[]}\">\n\t\t\t\t<div class=\"elementor-element elementor-element-845fb08 elementor-widget elementor-widget-heading\" data-id=\"845fb08\" data-element_type=\"widget\" data-e-type=\"widget\" data-widget_type=\"heading.default\">\n\t\t\t\t<div class=\"elementor-widget-container\">\n\t\t\t\t\t<h3 class=\"elementor-heading-title elementor-size-default\">Missio<\/h3>\t\t\t\t<\/div>\n\t\t\t\t<\/div>\n\t\t\t\t<div class=\"elementor-element elementor-element-5587264 elementor-widget elementor-widget-text-editor\" data-id=\"5587264\" data-element_type=\"widget\" data-e-type=\"widget\" data-widget_type=\"text-editor.default\">\n\t\t\t\t<div class=\"elementor-widget-container\">\n\t\t\t\t\t\t\t\t\t<p>Pulla-Pirtin missio on tarjota herkullisia ja laadukkaita Pohjois-Suomalaisia leipomotuotteita jokaiselle.<\/p>\t\t\t\t\t\t\t\t<\/div>\n\t\t\t\t<\/div>\n\t\t\t\t<\/div>\n\t\t<div class=\"elementor-element elementor-element-40b0812 e-con-full e-flex e-con e-child\" data-id=\"40b0812\" data-element_type=\"container\" data-e-type=\"container\" data-settings=\"{&quot;background_background&quot;:&quot;classic&quot;,&quot;jet_parallax_layout_list&quot;:[]}\">\n\t\t\t\t<div class=\"elementor-element elementor-element-9e9db77 elementor-widget elementor-widget-heading\" data-id=\"9e9db77\" data-element_type=\"widget\" data-e-type=\"widget\" data-widget_type=\"heading.default\">\n\t\t\t\t<div class=\"elementor-widget-container\">\n\t\t\t\t\t<h4 class=\"elementor-heading-title elementor-size-default\">Visio<\/h4>\t\t\t\t<\/div>\n\t\t\t\t<\/div>\n\t\t\t\t<div class=\"elementor-element elementor-element-0e072fa elementor-widget elementor-widget-text-editor\" data-id=\"0e072fa\" data-element_type=\"widget\" data-e-type=\"widget\" data-widget_type=\"text-editor.default\">\n\t\t\t\t<div class=\"elementor-widget-container\">\n\t\t\t\t\t\t\t\t\t<p>Pulla-Pirtin visio on olla arvostettu valtakunnallinen toimija ja rohkea elintarviketuotteiden viej\u00e4.<\/p>\t\t\t\t\t\t\t\t<\/div>\n\t\t\t\t<\/div>\n\t\t\t\t<\/div>\n\t\t\t\t<\/div>\n\t\t\t\t<\/div>\n\t\t\t\t\t<\/div>\n\t\t\t\t<\/div>\n\t\t\t\t<\/div>","protected":false},"excerpt":{"rendered":"<p>Etusivu Pulla-Pirtti\u00a0&#8211; Vastuullisesti yhdess\u00e4, laadukkaasti ja taidolla sinua varten Vastuullisesti yhdess\u00e4 \u00a0Kannamme yhdess\u00e4 vastuun yhteis\u00f6mme hyvinvoinnista. Pyrimme l\u00f6yt\u00e4m\u00e4\u00e4n entist\u00e4 parempia vaihtoehtoja ymp\u00e4rist\u00f6mme kannalta sek\u00e4 pit\u00e4m\u00e4\u00e4n yhdess\u00e4 huolta hyvinvoivasta ty\u00f6yhteis\u00f6st\u00e4. Vastuullisuus on l\u00e4sn\u00e4 tuotteissamme aina tuotekehityksest\u00e4 valmiiseen tuotteeseen asti. Seisomme aina tuotteidemme takana. Laadukkaasti taidolla Valmistamme kaikki tuotteemme ammattitaidolla ja -ylpeydell\u00e4. Panostamme tuotteidemme korkeaan laatuun ja [&hellip;]<\/p>\n","protected":false},"author":7,"featured_media":0,"parent":0,"menu_order":0,"comment_status":"closed","ping_status":"closed","template":"","meta":{"_improvement_type_select":"improve_an_existing","_thumb_yes_seoaic":false,"_frame_yes_seoaic":false,"seoaic_generate_description":"","seoaic_improve_instructions_prompt":"","seoaic_rollback_content_improvement":"","seoaic_idea_thumbnail_generator":"","thumbnail_generated":false,"thumbnail_generate_prompt":"","seoaic_article_description":"","iawp_total_views":390,"footnotes":""},"class_list":["post-3267","page","type-page","status-publish","hentry"],"_links":{"self":[{"href":"https:\/\/pullapirtti.fi\/en\/wp-json\/wp\/v2\/pages\/3267","targetHints":{"allow":["GET"]}}],"collection":[{"href":"https:\/\/pullapirtti.fi\/en\/wp-json\/wp\/v2\/pages"}],"about":[{"href":"https:\/\/pullapirtti.fi\/en\/wp-json\/wp\/v2\/types\/page"}],"author":[{"embeddable":true,"href":"https:\/\/pullapirtti.fi\/en\/wp-json\/wp\/v2\/users\/7"}],"replies":[{"embeddable":true,"href":"https:\/\/pullapirtti.fi\/en\/wp-json\/wp\/v2\/comments?post=3267"}],"version-history":[{"count":0,"href":"https:\/\/pullapirtti.fi\/en\/wp-json\/wp\/v2\/pages\/3267\/revisions"}],"wp:attachment":[{"href":"https:\/\/pullapirtti.fi\/en\/wp-json\/wp\/v2\/media?parent=3267"}],"curies":[{"name":"wp","href":"https:\/\/api.w.org\/{rel}","templated":true}]}}