{"id":2994,"date":"2024-10-04T10:13:55","date_gmt":"2024-10-04T07:13:55","guid":{"rendered":"https:\/\/pullapirtti.fi\/?page_id=2994"},"modified":"2024-11-20T13:17:48","modified_gmt":"2024-11-20T11:17:48","slug":"kuluttajapalvelu","status":"publish","type":"page","link":"https:\/\/pullapirtti.fi\/en\/kuluttajapalvelu\/","title":{"rendered":"Kuluttajapalvelu"},"content":{"rendered":"\t\t<div data-elementor-type=\"wp-page\" data-elementor-id=\"2994\" class=\"elementor elementor-2994\" data-elementor-post-type=\"page\">\n\t\t\t\t<div class=\"elementor-element elementor-element-f3c4588 e-flex e-con-boxed e-con e-parent\" data-id=\"f3c4588\" data-element_type=\"container\" data-e-type=\"container\" data-settings=\"{&quot;jet_parallax_layout_list&quot;:[]}\">\n\t\t\t\t\t<div class=\"e-con-inner\">\n\t\t\t\t<div class=\"elementor-element elementor-element-870a849 elementor-widget__width-initial elementor-widget elementor-widget-text-editor\" data-id=\"870a849\" data-element_type=\"widget\" data-e-type=\"widget\" data-widget_type=\"text-editor.default\">\n\t\t\t\t<div class=\"elementor-widget-container\">\n\t\t\t\t\t\t\t\t\t<p>Kiitos, ett\u00e4 otat meihin yhteytt\u00e4! Asiakastyytyv\u00e4isyys on meille ensisijaisen t\u00e4rke\u00e4\u00e4. T\u00e4yt\u00e4th\u00e4n alla olevan lomakkeen huolellisesti, jotta voimme palvella sinua parhaalla mahdollisella tavalla. Vastaamme tiedusteluusi mahdollisella pian.<\/p>\t\t\t\t\t\t\t\t<\/div>\n\t\t\t\t<\/div>\n\t\t\t\t\t<\/div>\n\t\t\t\t<\/div>\n\t\t<div class=\"elementor-element elementor-element-c0935a5 e-flex e-con-boxed e-con e-parent\" data-id=\"c0935a5\" data-element_type=\"container\" data-e-type=\"container\" data-settings=\"{&quot;jet_parallax_layout_list&quot;:[]}\">\n\t\t\t\t\t<div class=\"e-con-inner\">\n\t\t<div class=\"elementor-element elementor-element-b62f8a6 e-con-full e-flex e-con e-child\" data-id=\"b62f8a6\" data-element_type=\"container\" data-e-type=\"container\" data-settings=\"{&quot;background_background&quot;:&quot;classic&quot;,&quot;jet_parallax_layout_list&quot;:[]}\">\n\t\t\t\t<div class=\"elementor-element elementor-element-3c40464 elementor-widget elementor-widget-jet-form-builder-form\" data-id=\"3c40464\" data-element_type=\"widget\" data-e-type=\"widget\" data-widget_type=\"jet-form-builder-form.default\">\n\t\t\t\t<div class=\"elementor-widget-container\">\n\t\t\t\t\t<link rel='stylesheet' id='wp-block-library-css' href='https:\/\/pullapirtti.fi\/wp-includes\/css\/dist\/block-library\/style.min.css?ver=6.9.4' media='all' \/>\n<style id=\"jet-form-builder-3803-inline-css\"><\/style><form  class=\"jet-form-builder layout-column submit-type-reload\" action=\"https:\/\/pullapirtti.fi\/en\/wp-json\/wp\/v2\/pages\/2994\/?ZEi552=Rf1f141c4Gb6&amp;method=reload\" method=\"POST\" data-form-id=\"3803\" data-layout=\"column\" enctype=\"multipart\/form-data\" novalidate=\"null\" ssr_validation_method=\"rest\"><input type=\"hidden\" id=\"_wpnonce\" name=\"_wpnonce\" value=\"91378a44d0\" \/><input type=\"hidden\" name=\"_wp_http_referer\" value=\"\/en\/wp-json\/wp\/v2\/pages\/2994\" \/>\r\n<input type=\"hidden\" name=\"_jfb_current_render_states[]\" value=\"DEFAULT.STATE\" data-jfb-sync \/><input type=\"hidden\" class=\"jet-form-builder__field hidden-field\" name=\"_jet_engine_booking_form_id\" data-field-name=\"_jet_engine_booking_form_id\" value=\"3803\">\n<input type=\"hidden\" class=\"jet-form-builder__field hidden-field\" name=\"_jet_engine_refer\" data-field-name=\"_jet_engine_refer\" value=\"https:\/\/pullapirtti.fi\/en\/wp-json\/wp\/v2\/pages\/2994\/\">\n<input type=\"hidden\" class=\"jet-form-builder__field hidden-field\" name=\"__queried_post_id\" data-field-name=\"__queried_post_id\" value=\"2994\">\n<div  class=\"jet-form-builder-row field-type-heading-field\" >\n<div class=\"jet-form-builder__heading\">\r\n<div class=\"jet-form-builder__label-text\">Yhteydenoton syy<\/div><\/div>\n<\/div>\n\n<div  class=\"jet-form-builder-row field-type-select-field wp-block-jet-forms-select-field\">\n<div class=\"jet-form-builder__label\">\r\n<div class=\"jet-form-builder__label-text\">Yhteydenoton syy <span class=\"jet-form-builder__required\">*<\/span><\/div><\/div><div class=\"jet-form-builder__field-wrap\">\n\t<select class=\"jet-form-builder__field select-field\" required=\"required\" name=\"aihe-syy\" data-field-name=\"aihe-syy\" id=\"aihe-syy\" data-jfb-sync=\"null\">\n\t\t<option value=\"\" disabled selected>- Valitse syy -<\/option><option value=\"palaute\" >Palaute<\/option><option value=\"hakemus\" >Ty\u00f6hakemus<\/option><option value=\"tuotereklamaatio\" >Tuotereklamaatio<\/option>\t<\/select>\n<\/div>\n<\/div>\n\n\n<input type=\"hidden\" data-dynamic-value=\"[{&quot;id&quot;:8648,&quot;conditions&quot;:[{&quot;__visible&quot;:true,&quot;field&quot;:&quot;aihe-syy&quot;,&quot;operator&quot;:&quot;equal&quot;,&quot;value&quot;:&quot;hakemus&quot;}],&quot;frequency&quot;:&quot;always&quot;,&quot;to_set&quot;:&quot;jussi.paakkonen@pullapirtti.com&quot;},{&quot;id&quot;:8198,&quot;conditions&quot;:[{&quot;__visible&quot;:true,&quot;value&quot;:&quot;tuotereklamaatio&quot;,&quot;field&quot;:&quot;aihe-syy&quot;,&quot;operator&quot;:&quot;equal&quot;}],&quot;frequency&quot;:&quot;always&quot;,&quot;to_set&quot;:&quot;palaute@pullapirtti.com&quot;},{&quot;id&quot;:5044,&quot;conditions&quot;:[{&quot;__visible&quot;:true,&quot;field&quot;:&quot;aihe-syy&quot;,&quot;operator&quot;:&quot;equal&quot;,&quot;value&quot;:&quot;palaute&quot;}],&quot;frequency&quot;:&quot;always&quot;,&quot;to_set&quot;:&quot;palaute@pullapirtti.com&quot;}]\" class=\"jet-form-builder__field hidden-field\" name=\"email_ohjaus\" data-field-name=\"email_ohjaus\" data-jfb-sync=\"null\" value=\"info@pullapirtti.com\">\n\n\n\n\n<div data-formula=\"&#039;%email_ohjaus%&#039;\" data-name=\"email_ohjaus_calc\" data-precision=\"2\" data-sep-decimal=\".\" data-value-type=\"string\" data-date-format=\"YYYY-MM-DD\" class=\"jet-form-builder__calculated-field jet-form-builder__calculated-field--hidden\">\n\t\t\t<input type=\"hidden\"\n\t\t\tname=\"email_ohjaus_calc\"\n\t\t\tid=\"email_ohjaus_calc\"\n\t\t\tvalue=\"\"\n\t\t\tclass=\"jet-form-builder__calculated-field-input jet-form-builder__field\"\n\t\t\tdata-field-name=\"email_ohjaus_calc\"\n\t\t\tdata-jfb-sync\n\t\/>\n\t<div class=\"jet-form-builder__calculated-field-val\">0.00<\/div>\n\t\t<\/div>\n\n\n\n\n<div style=\"height:25px\" aria-hidden=\"true\" class=\"wp-block-spacer\"><\/div>\n\n\n<div  class=\"jet-form-builder-row field-type-heading-field\" >\n<div class=\"jet-form-builder__heading\">\r\n<div class=\"jet-form-builder__label-text\">Yhteystiedot<\/div><\/div>\n<\/div>\n\n\n<div class=\"wp-block-columns is-layout-flex wp-container-core-columns-is-layout-28f84493 wp-block-columns-is-layout-flex\">\n<div class=\"wp-block-column is-layout-flow wp-block-column-is-layout-flow\"><div  class=\"jet-form-builder-row field-type-text-field\" >\n<div class=\"jet-form-builder__label\">\r\n<div class=\"jet-form-builder__label-text\">Nimi <span class=\"jet-form-builder__required\">*<\/span><\/div><\/div><div class=\"jet-form-builder__field-wrap\">\n\t\t\t\t<input placeholder=\"Etu- ja sukunimi\" required=\"required\" name=\"nimi\" id=\"nimi\" type=\"text\" data-field-name=\"nimi\" class=\"jet-form-builder__field text-field\" data-jfb-sync=\"null\" autocomplete=\"off_rSApyWJX\">\n\t\t\t\t\t<\/div>\n<\/div><\/div>\n\n\n\n<div class=\"wp-block-column is-layout-flow wp-block-column-is-layout-flow\"><div  class=\"jet-form-builder-row field-type-text-field\" >\n<div class=\"jet-form-builder__label\">\r\n<div class=\"jet-form-builder__label-text\">Yritys<\/div><\/div><div class=\"jet-form-builder__field-wrap\">\n\t\t\t\t<input placeholder=\"Yritys\" name=\"yritys\" id=\"yritys\" type=\"text\" data-field-name=\"yritys\" class=\"jet-form-builder__field text-field\" data-jfb-sync=\"null\" autocomplete=\"off_XTprQLdk\">\n\t\t\t\t\t<\/div>\n<\/div><\/div>\n<\/div>\n\n\n<div  class=\"jet-form-builder-row field-type-text-field\" >\n<div class=\"jet-form-builder__label\">\r\n<div class=\"jet-form-builder__label-text\">S\u00e4hk\u00f6postiosoite <span class=\"jet-form-builder__required\">*<\/span><\/div><\/div><div class=\"jet-form-builder__field-wrap\">\n\t\t\t\t<input placeholder=\"@\" required=\"required\" name=\"email\" id=\"email\" type=\"email\" data-field-name=\"email\" class=\"jet-form-builder__field text-field\" data-jfb-sync=\"null\" autocomplete=\"off_bs8cAHKU\">\n\t\t\t\t\t<\/div>\n<\/div>\n\n<div  class=\"jet-form-builder-row field-type-text-field\" >\n<div class=\"jet-form-builder__label\">\r\n<div class=\"jet-form-builder__label-text\">Postiosoite<\/div><\/div><div class=\"jet-form-builder__field-wrap\">\n\t\t\t\t<input placeholder=\"Osoite\" name=\"osoite\" id=\"osoite\" type=\"text\" data-field-name=\"osoite\" class=\"jet-form-builder__field text-field\" data-jfb-sync=\"null\" autocomplete=\"off_AJ07KvbZ\">\n\t\t\t\t\t<\/div>\n<\/div>\n\n\n<div class=\"wp-block-columns is-layout-flex wp-container-core-columns-is-layout-28f84493 wp-block-columns-is-layout-flex\">\n<div class=\"wp-block-column is-layout-flow wp-block-column-is-layout-flow\"><div  class=\"jet-form-builder-row field-type-text-field\" >\n<div class=\"jet-form-builder__label\">\r\n<div class=\"jet-form-builder__label-text\">Postinumero<\/div><\/div><div class=\"jet-form-builder__field-wrap\">\n\t\t\t\t<input placeholder=\"Postinumero\" name=\"postinumero\" id=\"postinumero\" type=\"text\" data-field-name=\"postinumero\" class=\"jet-form-builder__field text-field\" data-jfb-sync=\"null\" autocomplete=\"off_srC0WRN8\">\n\t\t\t\t\t<\/div>\n<\/div><\/div>\n\n\n\n<div class=\"wp-block-column is-layout-flow wp-block-column-is-layout-flow\"><div  class=\"jet-form-builder-row field-type-text-field\" >\n<div class=\"jet-form-builder__label\">\r\n<div class=\"jet-form-builder__label-text\">Postitoimipaikka<\/div><\/div><div class=\"jet-form-builder__field-wrap\">\n\t\t\t\t<input placeholder=\"Postitoimipaikka\" name=\"postitoimipaikka\" id=\"postitoimipaikka\" type=\"text\" data-field-name=\"postitoimipaikka\" class=\"jet-form-builder__field text-field\" data-jfb-sync=\"null\" autocomplete=\"off_n127peyH\">\n\t\t\t\t\t<\/div>\n<\/div><\/div>\n<\/div>\n\n\n<div class=\"jet-form-builder__conditional \" data-jfb-conditional=\"[{&quot;operator&quot;:&quot;equal&quot;,&quot;value&quot;:&quot;tuotereklamaatio&quot;,&quot;field&quot;:&quot;aihe-syy&quot;,&quot;use_preset&quot;:false}]\" data-jfb-func=\"show\">\n\n<div class=\"wp-block-columns is-layout-flex wp-container-core-columns-is-layout-28f84493 wp-block-columns-is-layout-flex\">\n<div class=\"wp-block-column is-layout-flow wp-block-column-is-layout-flow\"><div  class=\"jet-form-builder-row field-type-text-field\" >\n<div class=\"jet-form-builder__label\">\r\n<div class=\"jet-form-builder__label-text\">Tuote <span class=\"jet-form-builder__required\">*<\/span><\/div><\/div><div class=\"jet-form-builder__field-wrap\">\n\t\t\t\t<input placeholder=\"Tuote jonka ostit\" required=\"required\" name=\"tuote\" id=\"tuote\" type=\"text\" data-field-name=\"tuote\" class=\"jet-form-builder__field text-field\" data-jfb-sync=\"null\" autocomplete=\"off_0qa74H1u\">\n\t\t\t\t\t<\/div><div class=\"jet-form-builder__desc\"><small>Tuote<\/small><\/div>\n<\/div><\/div>\n\n\n\n<div class=\"wp-block-column is-layout-flow wp-block-column-is-layout-flow\"><div  class=\"jet-form-builder-row field-type-text-field\" >\n<div class=\"jet-form-builder__label\">\r\n<div class=\"jet-form-builder__label-text\">Ostopaikka <span class=\"jet-form-builder__required\">*<\/span><\/div><\/div><div class=\"jet-form-builder__field-wrap\">\n\t\t\t\t<input placeholder=\"Ostopaikka\" required=\"required\" name=\"ostopaikka\" id=\"ostopaikka\" type=\"text\" data-field-name=\"ostopaikka\" class=\"jet-form-builder__field text-field\" data-jfb-sync=\"null\" autocomplete=\"off_39ImLcfd\">\n\t\t\t\t\t<\/div>\n<\/div><\/div>\n<\/div>\n\n\n\n<div class=\"wp-block-columns is-layout-flex wp-container-core-columns-is-layout-28f84493 wp-block-columns-is-layout-flex\">\n<div class=\"wp-block-column is-layout-flow wp-block-column-is-layout-flow\"><div  class=\"jet-form-builder-row field-type-date-field\" >\n<div class=\"jet-form-builder__label\">\r\n<div class=\"jet-form-builder__label-text\">Osto p\u00e4iv\u00e4m\u00e4\u00e4r\u00e4 <span class=\"jet-form-builder__required\">*<\/span><\/div><\/div><input class=\"jet-form-builder__field date-field\" required=\"required\" name=\"ostopvm\" type=\"date\" data-field-name=\"ostopvm\" id=\"ostopvm\" data-jfb-sync=\"null\" data-max=\"&#039;%CT::CurrentDate|toDate%&#039;\"><div class=\"jet-form-builder__desc\"><small>Koska olet ostanut tuotteen jota asiasi koskee<\/small><\/div>\n<\/div><\/div>\n\n\n\n<div class=\"wp-block-column is-layout-flow wp-block-column-is-layout-flow\"><div  class=\"jet-form-builder-row field-type-text-field\" >\n<div class=\"jet-form-builder__label\">\r\n<div class=\"jet-form-builder__label-text\">Tuotteen parasta ennen p\u00e4iv\u00e4ys <span class=\"jet-form-builder__required\">*<\/span><\/div><\/div><div class=\"jet-form-builder__field-wrap\">\n\t\t\t\t<input placeholder=\"pv.kk.vuosi\" required=\"required\" name=\"parasta_ennen\" id=\"parasta_ennen\" type=\"text\" data-field-name=\"parasta_ennen\" class=\"jet-form-builder__field text-field\" data-jfb-sync=\"null\" autocomplete=\"off_5opC4JOP\">\n\t\t\t\t\t<\/div>\n<\/div><\/div>\n<\/div>\n\n<\/div>\n\n<div  class=\"jet-form-builder-row field-type-textarea-field\" >\n<div class=\"jet-form-builder__label\">\r\n<div class=\"jet-form-builder__label-text\">Palaute<\/div><\/div><div class=\"jet-form-builder__field-wrap\">\n\t\t<textarea class=\"jet-form-builder__field textarea-field\" name=\"palaute\" data-field-name=\"palaute\" id=\"palaute\" data-jfb-sync=\"null\"><\/textarea>\n\t<\/div>\n<\/div>\n\n<div  class=\"jet-form-builder-row field-type-media-field\" >\n<template class=\"jet-form-builder__preview-template\"><div class=\"jet-form-builder-file-upload__file\" data-file=\"%file_url%\">\n\t<!-- preview -->\n\t<!-- field -->\n\t<div class=\"jet-form-builder-file-upload__file-remove\" data-file-name=\"%file_name%\">\n\t\t<svg width=\"22\" height=\"22\" viewBox=\"0 0 14 15\" fill=\"none\" xmlns=\"http:\/\/www.w3.org\/2000\/svg\">\n\t\t\t<path d=\"M4.375 7H6.125V12.25H4.375V7ZM7.875 7H9.625V12.25H7.875V7ZM10.5 1.75C10.5 1.51302 10.4134 1.30794 10.2402 1.13477C10.0762 0.961589 9.87109 0.875 9.625 0.875H4.375C4.12891 0.875 3.91927 0.961589 3.74609 1.13477C3.58203 1.30794 3.5 1.51302 3.5 1.75V3.5H0V5.25H0.875V14C0.875 14.237 0.957031 14.4421 1.12109 14.6152C1.29427 14.7884 1.50391 14.875 1.75 14.875H12.25C12.4961 14.875 12.7012 14.7884 12.8652 14.6152C13.0384 14.4421 13.125 14.237 13.125 14V5.25H14V3.5H10.5V1.75ZM5.25 2.625H8.75V3.5H5.25V2.625ZM11.375 5.25V13.125H2.625V5.25H11.375Z\"><\/path>\n\t\t<\/svg>\n\t<\/div>\n\t<span\n\t\t\tclass=\"jet-form-builder-file-upload__file-invalid-marker\"\n\t\t\tstyle=\"display: none\">\n\t\t<svg xmlns=\"http:\/\/www.w3.org\/2000\/svg\" viewBox=\"0 0 20 20\" fill=\"currentcolor\" width=\"24\" height=\"24\" aria-hidden=\"true\" focusable=\"false\"><path d=\"M10 2c4.42 0 8 3.58 8 8s-3.58 8-8 8-8-3.58-8-8 3.58-8 8-8zm1.13 9.38l.35-6.46H8.52l.35 6.46h2.26zm-.09 3.36c.24-.23.37-.55.37-.96 0-.42-.12-.74-.36-.97s-.59-.35-1.06-.35-.82.12-1.07.35-.37.55-.37.97c0 .41.13.73.38.96.26.23.61.34 1.06.34s.8-.11 1.05-.34z\"><\/path><\/svg>\n\t<\/span>\n\t<!-- footer -->\n<\/div>\n<\/template><div class=\"jet-form-builder__label\">\r\n<div class=\"jet-form-builder__label-text\">Lis\u00e4\u00e4 liite<\/div><\/div><div class=\"jet-form-builder__field-wrap jet-form-builder-file-upload\">\n\t\t<div class=\"jet-form-builder-file-upload__content\">\n\t\t<div class=\"jet-form-builder-file-upload__loader\"><svg xmlns=\"http:\/\/www.w3.org\/2000\/svg\" width=\"38\" height=\"38\" viewBox=\"0 0 38 38\" stroke=\"#fff\"><g fill=\"none\" fill-rule=\"evenodd\"><g transform=\"translate(1 1)\" stroke-width=\"2\"><circle stroke-opacity=\".5\" cx=\"18\" cy=\"18\" r=\"18\"\/><path d=\"M36 18c0-9.94-8.06-18-18-18\" transform=\"rotate(137.826 18 18)\"><animateTransform attributeName=\"transform\" type=\"rotate\" from=\"0 18 18\" to=\"360 18 18\" dur=\"1s\" repeatCount=\"indefinite\"\/><\/path><\/g><\/g><\/svg><\/div>\t\t<div class=\"jet-form-builder-file-upload__files\" data-args=\"{&quot;max_files&quot;:5,&quot;max_size&quot;:2097152}\">\n\t\t\t\t\t<\/div>\n\t<\/div>\n\t<div class=\"jet-form-builder-file-upload__fields\">\n\t\t<input class=\"jet-form-builder__field file-field jet-form-builder-file-upload__input\" name=\"lisaa_liite[]\" data-field-name=\"lisaa_liite\" type=\"file\" data-form_id=\"3803\" id=\"lisaa_liite\" data-jfb-sync=\"null\" data-max_files=\"5\" multiple=\"1\" accept=\"image\/png,image\/jpeg,application\/pdf\" data-max_size=\"2097152\">\n\t<\/div>\n\t<div class=\"jet-form-builder-file-upload__message\"><small>Tiedoston kokorajoitus 2 MB<\/small><\/div>\n\t<div class=\"jet-form-builder-file-upload__errors is-hidden\"><\/div>\n\t<\/div><div class=\"jet-form-builder__desc\"><small>Sallitut tiedostomuodot png\/jpeg\/pdf<\/small><\/div>\n<\/div>\n\n<div class=\"jfb-visually-hidden\" tabindex=\"-1\"><div class=\"jet-form-builder__field-wrap\">\n\t\t\t\t<input name=\"_email\" id=\"_email\" type=\"email\" data-field-name=\"_email\" class=\"jet-form-builder__field text-field\" data-jfb-sync=\"null\" autocomplete=\"off_yW39qS5c\">\n\t\t\t\t\t<\/div><\/div><div  class=\"jet-form-builder-row field-type-submit-field\" >\n\t<div data-type=\"submit\" class=\"jet-form-builder__action-button-wrapper jet-form-builder__submit-wrap\">\n\t<button class=\"jet-form-builder__action-button jet-form-builder__submit submit-type-reload\" type=\"submit\">L\u00e4het\u00e4 t\u00e4st\u00e4<\/button>\n\t<\/div>\n\t\n<\/div>\t<div class=\"jet-form-builder-messages-wrap\" data-form-id=\"3803\"><\/div>\n<\/form>\n\t\t\t\t<\/div>\n\t\t\t\t<\/div>\n\t\t\t\t<\/div>\n\t\t\t\t\t<\/div>\n\t\t\t\t<\/div>\n\t\t\t\t<\/div>\n\t\t","protected":false},"excerpt":{"rendered":"<p>Kiitos, ett\u00e4 otat meihin yhteytt\u00e4! Asiakastyytyv\u00e4isyys on meille ensisijaisen t\u00e4rke\u00e4\u00e4. T\u00e4yt\u00e4th\u00e4n alla olevan lomakkeen huolellisesti, jotta voimme palvella sinua parhaalla mahdollisella tavalla. Vastaamme tiedusteluusi mahdollisella pian. Yhteydenoton syy Yhteydenoton syy * &#8211; Valitse syy &#8211;PalauteTy\u00f6hakemusTuotereklamaatio Yhteystiedot Nimi * Yritys S\u00e4hk\u00f6postiosoite * Postiosoite Postinumero Postitoimipaikka Tuote * Tuote Ostopaikka * Osto p\u00e4iv\u00e4m\u00e4\u00e4r\u00e4 *Koska olet ostanut tuotteen [&hellip;]<\/p>\n","protected":false},"author":7,"featured_media":0,"parent":0,"menu_order":0,"comment_status":"closed","ping_status":"closed","template":"","meta":{"_improvement_type_select":"improve_an_existing","_thumb_yes_seoaic":false,"_frame_yes_seoaic":false,"seoaic_generate_description":"","seoaic_improve_instructions_prompt":"","seoaic_rollback_content_improvement":"","seoaic_idea_thumbnail_generator":"","thumbnail_generated":false,"thumbnail_generate_prompt":"","seoaic_article_description":"","iawp_total_views":3022,"footnotes":""},"class_list":["post-2994","page","type-page","status-publish","hentry"],"_links":{"self":[{"href":"https:\/\/pullapirtti.fi\/en\/wp-json\/wp\/v2\/pages\/2994","targetHints":{"allow":["GET"]}}],"collection":[{"href":"https:\/\/pullapirtti.fi\/en\/wp-json\/wp\/v2\/pages"}],"about":[{"href":"https:\/\/pullapirtti.fi\/en\/wp-json\/wp\/v2\/types\/page"}],"author":[{"embeddable":true,"href":"https:\/\/pullapirtti.fi\/en\/wp-json\/wp\/v2\/users\/7"}],"replies":[{"embeddable":true,"href":"https:\/\/pullapirtti.fi\/en\/wp-json\/wp\/v2\/comments?post=2994"}],"version-history":[{"count":0,"href":"https:\/\/pullapirtti.fi\/en\/wp-json\/wp\/v2\/pages\/2994\/revisions"}],"wp:attachment":[{"href":"https:\/\/pullapirtti.fi\/en\/wp-json\/wp\/v2\/media?parent=2994"}],"curies":[{"name":"wp","href":"https:\/\/api.w.org\/{rel}","templated":true}]}}